{"id":83,"date":"2024-03-08T01:07:45","date_gmt":"2024-03-08T01:07:45","guid":{"rendered":"http:\/\/ceu2.izt.uam.mx\/librosUAMI\/?page_id=83"},"modified":"2025-05-22T19:25:42","modified_gmt":"2025-05-22T19:25:42","slug":"tecnologia-enzimatica","status":"publish","type":"page","link":"https:\/\/ceu3.izt.uam.mx\/librosUAMI\/index.php\/tecnologia-enzimatica\/","title":{"rendered":"Tecnolog\u00eda Enzim\u00e1tica"},"content":{"rendered":"\t\t<div data-elementor-type=\"wp-page\" data-elementor-id=\"83\" class=\"elementor elementor-83\" data-elementor-post-type=\"page\">\n\t\t\t\t\t\t<section class=\"elementor-section elementor-top-section elementor-element elementor-element-e11ea72 elementor-section-boxed elementor-section-height-default elementor-section-height-default jltma-glass-effect-no\" data-id=\"e11ea72\" data-element_type=\"section\" data-e-type=\"section\" data-settings=\"{&quot;background_background&quot;:&quot;classic&quot;,&quot;shape_divider_bottom&quot;:&quot;mountains&quot;}\">\n\t\t\t\t\t<div class=\"elementor-shape elementor-shape-bottom\" aria-hidden=\"true\" data-negative=\"false\">\n\t\t\t<svg xmlns=\"http:\/\/www.w3.org\/2000\/svg\" viewBox=\"0 0 1000 100\" preserveAspectRatio=\"none\">\n\t<path class=\"elementor-shape-fill\" opacity=\"0.33\" d=\"M473,67.3c-203.9,88.3-263.1-34-320.3,0C66,119.1,0,59.7,0,59.7V0h1000v59.7 c0,0-62.1,26.1-94.9,29.3c-32.8,3.3-62.8-12.3-75.8-22.1C806,49.6,745.3,8.7,694.9,4.7S492.4,59,473,67.3z\"\/>\n\t<path class=\"elementor-shape-fill\" opacity=\"0.66\" d=\"M734,67.3c-45.5,0-77.2-23.2-129.1-39.1c-28.6-8.7-150.3-10.1-254,39.1 s-91.7-34.4-149.2,0C115.7,118.3,0,39.8,0,39.8V0h1000v36.5c0,0-28.2-18.5-92.1-18.5C810.2,18.1,775.7,67.3,734,67.3z\"\/>\n\t<path class=\"elementor-shape-fill\" d=\"M766.1,28.9c-200-57.5-266,65.5-395.1,19.5C242,1.8,242,5.4,184.8,20.6C128,35.8,132.3,44.9,89.9,52.5C28.6,63.7,0,0,0,0 h1000c0,0-9.9,40.9-83.6,48.1S829.6,47,766.1,28.9z\"\/>\n<\/svg>\t\t<\/div>\n\t\t\t\t\t<div class=\"elementor-container elementor-column-gap-default\">\n\t\t\t\t\t<div class=\"elementor-column elementor-col-100 elementor-top-column elementor-element elementor-element-bed0cd9 jltma-glass-effect-no\" data-id=\"bed0cd9\" data-element_type=\"column\" data-e-type=\"column\">\n\t\t\t<div class=\"elementor-widget-wrap elementor-element-populated\">\n\t\t\t\t\t\t<div class=\"elementor-element elementor-element-c75e5f7 jltma-glass-effect-no elementor-widget elementor-widget-spacer\" data-id=\"c75e5f7\" data-element_type=\"widget\" data-e-type=\"widget\" data-widget_type=\"spacer.default\">\n\t\t\t\t<div class=\"elementor-widget-container\">\n\t\t\t\t\t\t\t<div class=\"elementor-spacer\">\n\t\t\t<div class=\"elementor-spacer-inner\"><\/div>\n\t\t<\/div>\n\t\t\t\t\t\t<\/div>\n\t\t\t\t<\/div>\n\t\t\t\t\t<\/div>\n\t\t<\/div>\n\t\t\t\t\t<\/div>\n\t\t<\/section>\n\t\t\t\t<section class=\"elementor-section elementor-top-section elementor-element elementor-element-55fb6ad elementor-section-boxed elementor-section-height-default elementor-section-height-default jltma-glass-effect-no\" data-id=\"55fb6ad\" data-element_type=\"section\" data-e-type=\"section\">\n\t\t\t\t\t\t<div class=\"elementor-container elementor-column-gap-default\">\n\t\t\t\t\t<div class=\"elementor-column elementor-col-100 elementor-top-column elementor-element elementor-element-bb06d4b jltma-glass-effect-no\" data-id=\"bb06d4b\" data-element_type=\"column\" data-e-type=\"column\">\n\t\t\t<div class=\"elementor-widget-wrap elementor-element-populated\">\n\t\t\t\t\t\t<div class=\"elementor-element elementor-element-a3957fc jltma-glass-effect-no elementor-widget elementor-widget-spacer\" data-id=\"a3957fc\" data-element_type=\"widget\" data-e-type=\"widget\" data-widget_type=\"spacer.default\">\n\t\t\t\t<div class=\"elementor-widget-container\">\n\t\t\t\t\t\t\t<div class=\"elementor-spacer\">\n\t\t\t<div class=\"elementor-spacer-inner\"><\/div>\n\t\t<\/div>\n\t\t\t\t\t\t<\/div>\n\t\t\t\t<\/div>\n\t\t\t\t<div class=\"elementor-element elementor-element-1cca240 jltma-glass-effect-no elementor-widget elementor-widget-heading\" data-id=\"1cca240\" data-element_type=\"widget\" data-e-type=\"widget\" data-widget_type=\"heading.default\">\n\t\t\t\t<div class=\"elementor-widget-container\">\n\t\t\t\t\t<h2 class=\"elementor-heading-title elementor-size-default\">Tecnolog\u00eda Enzim\u00e1tica<\/h2>\t\t\t\t<\/div>\n\t\t\t\t<\/div>\n\t\t\t\t<div class=\"elementor-element elementor-element-89090c9 jltma-glass-effect-no elementor-widget elementor-widget-spacer\" data-id=\"89090c9\" data-element_type=\"widget\" data-e-type=\"widget\" data-widget_type=\"spacer.default\">\n\t\t\t\t<div class=\"elementor-widget-container\">\n\t\t\t\t\t\t\t<div class=\"elementor-spacer\">\n\t\t\t<div class=\"elementor-spacer-inner\"><\/div>\n\t\t<\/div>\n\t\t\t\t\t\t<\/div>\n\t\t\t\t<\/div>\n\t\t\t\t\t<\/div>\n\t\t<\/div>\n\t\t\t\t\t<\/div>\n\t\t<\/section>\n\t\t\t\t<section class=\"elementor-section elementor-top-section elementor-element elementor-element-6a7abde elementor-section-boxed elementor-section-height-default elementor-section-height-default jltma-glass-effect-no\" data-id=\"6a7abde\" data-element_type=\"section\" data-e-type=\"section\">\n\t\t\t\t\t\t<div class=\"elementor-container elementor-column-gap-default\">\n\t\t\t\t\t<div class=\"elementor-column elementor-col-50 elementor-top-column elementor-element elementor-element-d3cbcbe jltma-glass-effect-no\" data-id=\"d3cbcbe\" data-element_type=\"column\" data-e-type=\"column\">\n\t\t\t<div class=\"elementor-widget-wrap elementor-element-populated\">\n\t\t\t\t\t\t<div class=\"elementor-element elementor-element-edcfbf6 jltma-glass-effect-no elementor-widget elementor-widget-image\" data-id=\"edcfbf6\" data-element_type=\"widget\" data-e-type=\"widget\" data-widget_type=\"image.default\">\n\t\t\t\t<div class=\"elementor-widget-container\">\n\t\t\t\t\t\t\t\t\t\t\t\t\t\t\t\t<a href=\"http:\/\/ceu2.izt.uam.mx\/librosUAMI\/wp-content\/uploads\/2024\/03\/PORTADA-Enzimatica.png\" data-elementor-open-lightbox=\"yes\" data-elementor-lightbox-title=\"PORTADA Enzimatica\" data-e-action-hash=\"#elementor-action%3Aaction%3Dlightbox%26settings%3DeyJpZCI6ODUsInVybCI6Imh0dHBzOlwvXC9jZXUzLml6dC51YW0ubXhcL2xpYnJvc1VBTUlcL3dwLWNvbnRlbnRcL3VwbG9hZHNcLzIwMjRcLzAzXC9QT1JUQURBLUVuemltYXRpY2EucG5nIn0%3D\">\n\t\t\t\t\t\t\t<img fetchpriority=\"high\" decoding=\"async\" width=\"640\" height=\"834\" src=\"https:\/\/ceu3.izt.uam.mx\/librosUAMI\/wp-content\/uploads\/2024\/03\/PORTADA-Enzimatica-786x1024.png\" class=\"attachment-large size-large wp-image-85\" alt=\"\" srcset=\"https:\/\/ceu3.izt.uam.mx\/librosUAMI\/wp-content\/uploads\/2024\/03\/PORTADA-Enzimatica-786x1024.png 786w, https:\/\/ceu3.izt.uam.mx\/librosUAMI\/wp-content\/uploads\/2024\/03\/PORTADA-Enzimatica-230x300.png 230w, https:\/\/ceu3.izt.uam.mx\/librosUAMI\/wp-content\/uploads\/2024\/03\/PORTADA-Enzimatica-768x1000.png 768w, https:\/\/ceu3.izt.uam.mx\/librosUAMI\/wp-content\/uploads\/2024\/03\/PORTADA-Enzimatica.png 1000w\" sizes=\"(max-width: 640px) 100vw, 640px\" \/>\t\t\t\t\t\t\t\t<\/a>\n\t\t\t\t\t\t\t\t\t\t\t\t\t\t\t<\/div>\n\t\t\t\t<\/div>\n\t\t\t\t<div class=\"elementor-element elementor-element-3cdd000 elementor-align-center jltma-glass-effect-no elementor-widget elementor-widget-button\" data-id=\"3cdd000\" data-element_type=\"widget\" data-e-type=\"widget\" data-widget_type=\"button.default\">\n\t\t\t\t<div class=\"elementor-widget-container\">\n\t\t\t\t\t\t\t\t\t<div class=\"elementor-button-wrapper\">\n\t\t\t\t\t<a class=\"elementor-button elementor-button-link elementor-size-sm\" href=\"http:\/\/ceu2.izt.uam.mx\/librosUAMI\/wp-content\/uploads\/2024\/03\/Tecnologia-Enzimatica.pdf\">\n\t\t\t\t\t\t<span class=\"elementor-button-content-wrapper\">\n\t\t\t\t\t\t\t\t\t<span class=\"elementor-button-text\">Descargar PDF<\/span>\n\t\t\t\t\t<\/span>\n\t\t\t\t\t<\/a>\n\t\t\t\t<\/div>\n\t\t\t\t\t\t\t\t<\/div>\n\t\t\t\t<\/div>\n\t\t\t\t<div class=\"elementor-element elementor-element-6f3fba9 elementor-align-center jltma-glass-effect-no elementor-widget elementor-widget-button\" data-id=\"6f3fba9\" data-element_type=\"widget\" data-e-type=\"widget\" data-widget_type=\"button.default\">\n\t\t\t\t<div class=\"elementor-widget-container\">\n\t\t\t\t\t\t\t\t\t<div class=\"elementor-button-wrapper\">\n\t\t\t\t\t<a class=\"elementor-button elementor-button-link elementor-size-sm\" href=\"https:\/\/ceu2.izt.uam.mx\/librosUAMI\/index.php\/3d-flip-book\/tecnologia-enzimatica\/\">\n\t\t\t\t\t\t<span class=\"elementor-button-content-wrapper\">\n\t\t\t\t\t\t\t\t\t<span class=\"elementor-button-text\">Ver en flipbook<\/span>\n\t\t\t\t\t<\/span>\n\t\t\t\t\t<\/a>\n\t\t\t\t<\/div>\n\t\t\t\t\t\t\t\t<\/div>\n\t\t\t\t<\/div>\n\t\t\t\t\t<\/div>\n\t\t<\/div>\n\t\t\t\t<div class=\"elementor-column elementor-col-50 elementor-top-column elementor-element elementor-element-569ca23 jltma-glass-effect-no\" data-id=\"569ca23\" data-element_type=\"column\" data-e-type=\"column\">\n\t\t\t<div class=\"elementor-widget-wrap elementor-element-populated\">\n\t\t\t\t\t\t<div class=\"elementor-element elementor-element-bb6b822 jltma-glass-effect-no elementor-widget elementor-widget-text-editor\" data-id=\"bb6b822\" data-element_type=\"widget\" data-e-type=\"widget\" data-widget_type=\"text-editor.default\">\n\t\t\t\t<div class=\"elementor-widget-container\">\n\t\t\t\t\t\t\t\t\t<div class=\"page\" title=\"Page 9\">Este manual de pr\u00e1cticas de laboratorio ha sido concebido en apego al contenido de la Unidad de Ense\u00f1anza y Aprendizaje (UEA) de Tecnolog\u00eda Enzim\u00e1tica, que forma parte del programa de la Licenciatura de Ingenier\u00eda de los Alimentos de la Divisi\u00f3n de Ciencias Biol\u00f3gicas y de la Salud (CBS) de la Universidad Aut\u00f3noma Metropolitana (UAM)-Iztapalapa. Las pr\u00e1cticas que contiene se adecuaron y actualizaron para fortalecer la formaci\u00f3n acad\u00e9mica de los alumnos y las alumnas mediante el desarrollo experimental<br \/>que permite conocer los factores principales que afectan a las reacciones enzim\u00e1ticas, as\u00ed como algunas aplicaciones de las enzimas en la industria alimentaria.<\/div><div title=\"Page 9\">\u00a0<\/div><div class=\"page\" title=\"Page 9\">El manual contiene 9 pr\u00e1cticas en las que se incluye una introducci\u00f3n con el fundamento de cada tema, y se dan las indicaciones precisas para realizar cada experimento; con lo que el estudiante podr\u00e1 reforzar los conocimientos adquiridos en la teor\u00eda. Adem\u00e1s, tambi\u00e9n tienen un cuestionario y bibliograf\u00eda actualizada que les servir\u00e1 a los estudiantes para ampliar la informaci\u00f3n y complementar su reporte de laboratorio.<\/div><div title=\"Page 9\">\u00a0<\/div><div class=\"page\" title=\"Page 9\">Asimismo, se incluyen los requisitos normativos para el uso de los servicios y las instalaciones, as\u00ed como las medidas de seguridad y manejo de desechos conforme al \u201cInstructivo del funcionamiento interno y operativo para regular el uso de los servicios e instalaciones de los laboratorios de docencia\u201d, aprobado por el Consejo Acad\u00e9mico de la Unidad Iztapalapa (Sesi\u00f3n n\u00famero 314, del 9 de noviembre del 2009).<\/div><div class=\"page\" title=\"Page 9\"><br \/>La utilizaci\u00f3n de enzimas en la industria de alimentos ha sido fundamental en el desarrollo de procesos para mejorar las caracter\u00edsticas sensoriales y nutricionales de distintos alimentos, as\u00ed como para la obtenci\u00f3n de diferentes compuestos utilizados como aditivos. Por esta raz\u00f3n, el presente manual contribuye a una buena formaci\u00f3n acad\u00e9mica de los futuros ingenieros en alimentos en esta \u00e1rea del conocimiento.<\/div><div class=\"page\" title=\"Page 9\"><br \/><div class=\"layoutArea\">El objetivo de este manual es proporcionar las herramientas pr\u00e1cticas relacionadas con el aprendizaje y formaci\u00f3n de estudiantes de la licenciatura de Hidrobiolog\u00eda, con la finalidad de que adquieran las competencias de formaci\u00f3n acad\u00e9mica en el \u00e1rea de Fitoplancton y conozcan la importancia de la identificaci\u00f3n y evaluaci\u00f3n ecol\u00f3gica de estos organismos.<\/div><div>\u00a0<\/div><div class=\"layoutArea\">Este manual est\u00e1 dise\u00f1ado para integrar diferentes metodolog\u00edas ya establecidas y\/o modificadas a lo largo de los a\u00f1os para el estudio del fitoplancton con diferentes fines, sean ecol\u00f3gicos, taxon\u00f3micos, de toxinas o de citolog\u00eda con el fin de sumar al mejor entendimiento de los alumnos.<\/div><\/div>\t\t\t\t\t\t\t\t<\/div>\n\t\t\t\t<\/div>\n\t\t\t\t\t<\/div>\n\t\t<\/div>\n\t\t\t\t\t<\/div>\n\t\t<\/section>\n\t\t\t\t<\/div>\n\t\t","protected":false},"excerpt":{"rendered":"<p>Tecnolog\u00eda Enzim\u00e1tica Descargar PDF Ver en flipbook Este manual de pr\u00e1cticas de laboratorio ha sido concebido en apego al contenido de la Unidad de Ense\u00f1anza y Aprendizaje (UEA) de Tecnolog\u00eda Enzim\u00e1tica, que forma parte del programa de la Licenciatura de Ingenier\u00eda de los Alimentos de la Divisi\u00f3n de Ciencias Biol\u00f3gicas y de la Salud (CBS) [&hellip;]<\/p>\n","protected":false},"author":1,"featured_media":0,"parent":0,"menu_order":0,"comment_status":"closed","ping_status":"closed","template":"elementor_header_footer","meta":{"footnotes":""},"class_list":["post-83","page","type-page","status-publish","hentry"],"_links":{"self":[{"href":"https:\/\/ceu3.izt.uam.mx\/librosUAMI\/index.php\/wp-json\/wp\/v2\/pages\/83","targetHints":{"allow":["GET"]}}],"collection":[{"href":"https:\/\/ceu3.izt.uam.mx\/librosUAMI\/index.php\/wp-json\/wp\/v2\/pages"}],"about":[{"href":"https:\/\/ceu3.izt.uam.mx\/librosUAMI\/index.php\/wp-json\/wp\/v2\/types\/page"}],"author":[{"embeddable":true,"href":"https:\/\/ceu3.izt.uam.mx\/librosUAMI\/index.php\/wp-json\/wp\/v2\/users\/1"}],"replies":[{"embeddable":true,"href":"https:\/\/ceu3.izt.uam.mx\/librosUAMI\/index.php\/wp-json\/wp\/v2\/comments?post=83"}],"version-history":[{"count":17,"href":"https:\/\/ceu3.izt.uam.mx\/librosUAMI\/index.php\/wp-json\/wp\/v2\/pages\/83\/revisions"}],"predecessor-version":[{"id":1223,"href":"https:\/\/ceu3.izt.uam.mx\/librosUAMI\/index.php\/wp-json\/wp\/v2\/pages\/83\/revisions\/1223"}],"wp:attachment":[{"href":"https:\/\/ceu3.izt.uam.mx\/librosUAMI\/index.php\/wp-json\/wp\/v2\/media?parent=83"}],"curies":[{"name":"wp","href":"https:\/\/api.w.org\/{rel}","templated":true}]}}