{"id":451,"date":"2025-05-08T17:47:24","date_gmt":"2025-05-08T17:47:24","guid":{"rendered":"https:\/\/ceu2.izt.uam.mx\/librosUAMI\/?page_id=451"},"modified":"2025-05-22T18:40:36","modified_gmt":"2025-05-22T18:40:36","slug":"ecologia_microbiana","status":"publish","type":"page","link":"https:\/\/ceu3.izt.uam.mx\/librosUAMI\/index.php\/ecologia_microbiana\/","title":{"rendered":"Ecolog\u00eda Microbiana"},"content":{"rendered":"\t\t<div data-elementor-type=\"wp-page\" data-elementor-id=\"451\" class=\"elementor elementor-451\" data-elementor-post-type=\"page\">\n\t\t\t\t\t\t<section class=\"elementor-section elementor-top-section elementor-element elementor-element-7cd37b4 elementor-section-boxed elementor-section-height-default elementor-section-height-default jltma-glass-effect-no\" data-id=\"7cd37b4\" data-element_type=\"section\" data-e-type=\"section\" data-settings=\"{&quot;background_background&quot;:&quot;classic&quot;,&quot;shape_divider_bottom&quot;:&quot;mountains&quot;}\">\n\t\t\t\t\t<div class=\"elementor-shape elementor-shape-bottom\" aria-hidden=\"true\" data-negative=\"false\">\n\t\t\t<svg xmlns=\"http:\/\/www.w3.org\/2000\/svg\" viewBox=\"0 0 1000 100\" preserveAspectRatio=\"none\">\n\t<path class=\"elementor-shape-fill\" opacity=\"0.33\" d=\"M473,67.3c-203.9,88.3-263.1-34-320.3,0C66,119.1,0,59.7,0,59.7V0h1000v59.7 c0,0-62.1,26.1-94.9,29.3c-32.8,3.3-62.8-12.3-75.8-22.1C806,49.6,745.3,8.7,694.9,4.7S492.4,59,473,67.3z\"\/>\n\t<path class=\"elementor-shape-fill\" opacity=\"0.66\" d=\"M734,67.3c-45.5,0-77.2-23.2-129.1-39.1c-28.6-8.7-150.3-10.1-254,39.1 s-91.7-34.4-149.2,0C115.7,118.3,0,39.8,0,39.8V0h1000v36.5c0,0-28.2-18.5-92.1-18.5C810.2,18.1,775.7,67.3,734,67.3z\"\/>\n\t<path class=\"elementor-shape-fill\" d=\"M766.1,28.9c-200-57.5-266,65.5-395.1,19.5C242,1.8,242,5.4,184.8,20.6C128,35.8,132.3,44.9,89.9,52.5C28.6,63.7,0,0,0,0 h1000c0,0-9.9,40.9-83.6,48.1S829.6,47,766.1,28.9z\"\/>\n<\/svg>\t\t<\/div>\n\t\t\t\t\t<div class=\"elementor-container elementor-column-gap-default\">\n\t\t\t\t\t<div class=\"elementor-column elementor-col-100 elementor-top-column elementor-element elementor-element-1be7d87 jltma-glass-effect-no\" data-id=\"1be7d87\" data-element_type=\"column\" data-e-type=\"column\">\n\t\t\t<div class=\"elementor-widget-wrap elementor-element-populated\">\n\t\t\t\t\t\t<div class=\"elementor-element elementor-element-bfaed93 jltma-glass-effect-no elementor-widget elementor-widget-spacer\" data-id=\"bfaed93\" data-element_type=\"widget\" data-e-type=\"widget\" data-widget_type=\"spacer.default\">\n\t\t\t\t<div class=\"elementor-widget-container\">\n\t\t\t\t\t\t\t<div class=\"elementor-spacer\">\n\t\t\t<div class=\"elementor-spacer-inner\"><\/div>\n\t\t<\/div>\n\t\t\t\t\t\t<\/div>\n\t\t\t\t<\/div>\n\t\t\t\t\t<\/div>\n\t\t<\/div>\n\t\t\t\t\t<\/div>\n\t\t<\/section>\n\t\t\t\t<section class=\"elementor-section elementor-top-section elementor-element elementor-element-55fb6ad elementor-section-boxed elementor-section-height-default elementor-section-height-default jltma-glass-effect-no\" data-id=\"55fb6ad\" data-element_type=\"section\" data-e-type=\"section\">\n\t\t\t\t\t\t<div class=\"elementor-container elementor-column-gap-default\">\n\t\t\t\t\t<div class=\"elementor-column elementor-col-100 elementor-top-column elementor-element elementor-element-bb06d4b jltma-glass-effect-no\" data-id=\"bb06d4b\" data-element_type=\"column\" data-e-type=\"column\">\n\t\t\t<div class=\"elementor-widget-wrap elementor-element-populated\">\n\t\t\t\t\t\t<div class=\"elementor-element elementor-element-a3957fc jltma-glass-effect-no elementor-widget elementor-widget-spacer\" data-id=\"a3957fc\" data-element_type=\"widget\" data-e-type=\"widget\" data-widget_type=\"spacer.default\">\n\t\t\t\t<div class=\"elementor-widget-container\">\n\t\t\t\t\t\t\t<div class=\"elementor-spacer\">\n\t\t\t<div class=\"elementor-spacer-inner\"><\/div>\n\t\t<\/div>\n\t\t\t\t\t\t<\/div>\n\t\t\t\t<\/div>\n\t\t\t\t<div class=\"elementor-element elementor-element-1cca240 jltma-glass-effect-no elementor-widget elementor-widget-heading\" data-id=\"1cca240\" data-element_type=\"widget\" data-e-type=\"widget\" data-widget_type=\"heading.default\">\n\t\t\t\t<div class=\"elementor-widget-container\">\n\t\t\t\t\t<h2 class=\"elementor-heading-title elementor-size-default\">Ecolog\u00eda Microbiana<\/h2>\t\t\t\t<\/div>\n\t\t\t\t<\/div>\n\t\t\t\t<div class=\"elementor-element elementor-element-89090c9 jltma-glass-effect-no elementor-widget elementor-widget-spacer\" data-id=\"89090c9\" data-element_type=\"widget\" data-e-type=\"widget\" data-widget_type=\"spacer.default\">\n\t\t\t\t<div class=\"elementor-widget-container\">\n\t\t\t\t\t\t\t<div class=\"elementor-spacer\">\n\t\t\t<div class=\"elementor-spacer-inner\"><\/div>\n\t\t<\/div>\n\t\t\t\t\t\t<\/div>\n\t\t\t\t<\/div>\n\t\t\t\t\t<\/div>\n\t\t<\/div>\n\t\t\t\t\t<\/div>\n\t\t<\/section>\n\t\t\t\t<section class=\"elementor-section elementor-top-section elementor-element elementor-element-6a7abde elementor-section-boxed elementor-section-height-default elementor-section-height-default jltma-glass-effect-no\" data-id=\"6a7abde\" data-element_type=\"section\" data-e-type=\"section\">\n\t\t\t\t\t\t<div class=\"elementor-container elementor-column-gap-default\">\n\t\t\t\t\t<div class=\"elementor-column elementor-col-50 elementor-top-column elementor-element elementor-element-d3cbcbe jltma-glass-effect-no\" data-id=\"d3cbcbe\" data-element_type=\"column\" data-e-type=\"column\">\n\t\t\t<div class=\"elementor-widget-wrap elementor-element-populated\">\n\t\t\t\t\t\t<div class=\"elementor-element elementor-element-edcfbf6 jltma-glass-effect-no elementor-widget elementor-widget-image\" data-id=\"edcfbf6\" data-element_type=\"widget\" data-e-type=\"widget\" data-widget_type=\"image.default\">\n\t\t\t\t<div class=\"elementor-widget-container\">\n\t\t\t\t\t\t\t\t\t\t\t\t\t\t\t\t<a href=\"http:\/\/ceu2.izt.uam.mx\/librosUAMI\/wp-content\/uploads\/2025\/05\/Ecologia-Microbiana-Portada.png\" data-elementor-open-lightbox=\"yes\" data-elementor-lightbox-title=\"Ecolog\u00eda Microbiana-Portada\" data-e-action-hash=\"#elementor-action%3Aaction%3Dlightbox%26settings%3DeyJpZCI6NDQ5LCJ1cmwiOiJodHRwczpcL1wvY2V1My5penQudWFtLm14XC9saWJyb3NVQU1JXC93cC1jb250ZW50XC91cGxvYWRzXC8yMDI1XC8wNVwvRWNvbG9naWEtTWljcm9iaWFuYS1Qb3J0YWRhLnBuZyJ9\">\n\t\t\t\t\t\t\t<img fetchpriority=\"high\" decoding=\"async\" width=\"611\" height=\"800\" src=\"https:\/\/ceu3.izt.uam.mx\/librosUAMI\/wp-content\/uploads\/2025\/05\/Ecologia-Microbiana-Portada.png\" class=\"attachment-large size-large wp-image-449\" alt=\"\" srcset=\"https:\/\/ceu3.izt.uam.mx\/librosUAMI\/wp-content\/uploads\/2025\/05\/Ecologia-Microbiana-Portada.png 611w, https:\/\/ceu3.izt.uam.mx\/librosUAMI\/wp-content\/uploads\/2025\/05\/Ecologia-Microbiana-Portada-229x300.png 229w\" sizes=\"(max-width: 611px) 100vw, 611px\" \/>\t\t\t\t\t\t\t\t<\/a>\n\t\t\t\t\t\t\t\t\t\t\t\t\t\t\t<\/div>\n\t\t\t\t<\/div>\n\t\t\t\t<div class=\"elementor-element elementor-element-3cdd000 elementor-align-center jltma-glass-effect-no elementor-widget elementor-widget-button\" data-id=\"3cdd000\" data-element_type=\"widget\" data-e-type=\"widget\" data-widget_type=\"button.default\">\n\t\t\t\t<div class=\"elementor-widget-container\">\n\t\t\t\t\t\t\t\t\t<div class=\"elementor-button-wrapper\">\n\t\t\t\t\t<a class=\"elementor-button elementor-button-link elementor-size-sm\" href=\"http:\/\/ceu2.izt.uam.mx\/librosUAMI\/wp-content\/uploads\/2025\/05\/ecomicrob.pdf\" target=\"_blank\">\n\t\t\t\t\t\t<span class=\"elementor-button-content-wrapper\">\n\t\t\t\t\t\t\t\t\t<span class=\"elementor-button-text\">Descargar PDF<\/span>\n\t\t\t\t\t<\/span>\n\t\t\t\t\t<\/a>\n\t\t\t\t<\/div>\n\t\t\t\t\t\t\t\t<\/div>\n\t\t\t\t<\/div>\n\t\t\t\t<div class=\"elementor-element elementor-element-913d3e3 elementor-align-center jltma-glass-effect-no elementor-widget elementor-widget-button\" data-id=\"913d3e3\" data-element_type=\"widget\" data-e-type=\"widget\" data-widget_type=\"button.default\">\n\t\t\t\t<div class=\"elementor-widget-container\">\n\t\t\t\t\t\t\t\t\t<div class=\"elementor-button-wrapper\">\n\t\t\t\t\t<a class=\"elementor-button elementor-button-link elementor-size-sm\" href=\"https:\/\/ceu2.izt.uam.mx\/librosUAMI\/index.php\/3d-flip-book\/ecologia-microbiana\/\" target=\"_blank\">\n\t\t\t\t\t\t<span class=\"elementor-button-content-wrapper\">\n\t\t\t\t\t\t\t\t\t<span class=\"elementor-button-text\">Ver en flipbook<\/span>\n\t\t\t\t\t<\/span>\n\t\t\t\t\t<\/a>\n\t\t\t\t<\/div>\n\t\t\t\t\t\t\t\t<\/div>\n\t\t\t\t<\/div>\n\t\t\t\t\t<\/div>\n\t\t<\/div>\n\t\t\t\t<div class=\"elementor-column elementor-col-50 elementor-top-column elementor-element elementor-element-569ca23 jltma-glass-effect-no\" data-id=\"569ca23\" data-element_type=\"column\" data-e-type=\"column\">\n\t\t\t<div class=\"elementor-widget-wrap elementor-element-populated\">\n\t\t\t\t\t\t<div class=\"elementor-element elementor-element-bb6b822 jltma-glass-effect-no elementor-widget elementor-widget-text-editor\" data-id=\"bb6b822\" data-element_type=\"widget\" data-e-type=\"widget\" data-widget_type=\"text-editor.default\">\n\t\t\t\t<div class=\"elementor-widget-container\">\n\t\t\t\t\t\t\t\t\t<p><i>A los alumn@s y profesor@s:<\/i><\/p><p><i>Este Manual de Pr\u00e1cticas de Ecolog\u00eda microbiana se propone como material did\u00e1ctico de apoyo para impartir y cursar la UEA <\/i><i>Ecolog.a Microbiana; que es una UEA optativa en el nuevo plan de estudios de la licenciatura en Ingenier.a Bioqu.mica Industrial <\/i><i>que se imparte en la Divisi\u00f3n de Ciencias Biol\u00f3gicas y de la Salud (DCBS).<\/i><\/p><p><i>Aunque la Ecolog\u00eda Microbiana se desarroll\u00f3 como disciplina independiente de la Microbiolog\u00eda a partir de la segunda mitad <\/i><i>del siglo XX, el concepto y bases metodol\u00f3gicas de la ecolog\u00eda microbiana estaban ya presentes en las investigaciones pioneras <\/i><i>de Martinus Beijerinck (1851-1931), Sergei Winogradsky (1856-1952) y otros microbi\u00f3logos de finales del siglo XIX. M.s recientemente <\/i><i>las t\u00e9cnicas moleculares han permitido grandes avances en los estudios de ecolog\u00eda microbiana en ambientes naturales <\/i><i>de manera m\u00e1s r\u00e1pida y eficiente sin embargo generalmente requieren equipos y reactivos costosos por lo que los estudios de <\/i><i>laboratorio convencionales siguen siendo una herramienta de gran valor en este campo de estudio.<\/i><\/p><p><i>La Ecolog\u00eda Microbiana tiene como objetivo investigar el papel de los microorganismos en la naturaleza; y el prop\u00f3sito de <\/i><i>este manual es que el alumno refuerce su destreza manual adquirida en las pr\u00e1cticas de microbiolog\u00eda b\u00e1sica, que aumente sus <\/i><i>conocimientos te.ricos sobre los microorganismos que dominan diversos h\u00e1bitats y capacitar al alumno en t\u00e9cnicas microbiol\u00f3gicas <\/i><i>para evaluar la diversidad y distribuci\u00f3n de los microorganismos en ecosistemas naturales.<\/i><\/p><p><i>Este manual contiene 10 pr\u00e1cticas totalmente relacionadas con el curso te\u00f3rico, que se han seleccionado por la experiencian<\/i><i>en trimestres impartidos y por ser acordes a los planes trimestrales e infraestructura de los laboratorios de docencia de la DCBS.<\/i><\/p><p><i>El profesor podr\u00e1 elegir la realizaci\u00f3n de las que se ajusten al grupo y tiempo disponible de acuerdo al calendario escolar. Se <\/i><i>inicia con las reglas generales de seguridad e higiene que todos los participantes del curso deben conocer y practicar durante las <\/i><i>sesiones de trabajo en el laboratorio, para garantizar su seguridad personal y la de sus compa\u00f1eros.<\/i><\/p><p><i>Las primeras pr\u00e1cticas incluyen el muestreo, manejo y an.lisis de muestras ambientales, enseguida se proponen el montaje <\/i><i>de una columna de Winogradsky, de sistemas de formaci\u00f3n de biopel\u00edculas y de un sistema anaerobio como modelos de estudio <\/i><i>microbiol\u00f3gico en ecosistemas; y en la parte final se presentan pr\u00e1cticas de an\u00e1lisis cualitativo y cuantitativo de poblaciones <\/i><i>microbianas con actividades espec\u00edficas en el ciclo del carbono, nitr\u00f3geno, azufre y f\u00f3sforo.<\/i><\/p><p><i>Cada pr\u00e1ctica est\u00e1 estructurada con una Introducci\u00f3n breve para que el alumno adquiera la base te\u00f3rica fundamental que <\/i><i>le permita comprender la importancia de los Objetivos que se pretenden lograr con los Materiales requeridos y los Procedimientos <\/i><i>indicados; tambi\u00e9n se incluyen cuadros de Resultados donde el alumno anotar\u00e1 sus observaciones y datos obtenidos <\/i><i>para generar sus An\u00e1lisis de Resultados y plantear su Conclusiones. Al final de cada una de las pr\u00e1cticas, se encontrar\u00e1n la <\/i><i>Bibliograf\u00eda recomendada para ampliar sus conocimientos y resolver los Cuestionarios de apoyo.<\/i><\/p><p><i>En la parte final de este manual se presentan el Anexo A con las indicaciones para la preparaci\u00f3n de colorantes y soluciones, <\/i><i>el Anexo B de los medios de cultivo y en un Anexo C se encuentran las instrucciones de manejo y cuidados del microscopio, <\/i><i>dado que es un instrumento de gran apoyo en el laboratorio.<\/i><\/p><p><i>Se espera que, al concluir este curso pr\u00e1ctico, el alumno habr\u00e1 adquirido los conocimientos suficientes para comprender <\/i><i>la importancia que tienen los microorganismos como componentes indispensables de la biosfera y valore su existencia en los <\/i><i>ecosistemas naturales. Tambi\u00e9n que adquiera las habilidades para proponer sistemas microbianos de aplicaci\u00f3n en la agricultura, <\/i><i>tratamientos de residuos y en la recuperaci\u00f3n de los ecosistemas alterados por la actividad humana.<\/i><\/p>\t\t\t\t\t\t\t\t<\/div>\n\t\t\t\t<\/div>\n\t\t\t\t\t<\/div>\n\t\t<\/div>\n\t\t\t\t\t<\/div>\n\t\t<\/section>\n\t\t\t\t<\/div>\n\t\t","protected":false},"excerpt":{"rendered":"<p>Ecolog\u00eda Microbiana Descargar PDF Ver en flipbook A los alumn@s y profesor@s: Este Manual de Pr\u00e1cticas de Ecolog\u00eda microbiana se propone como material did\u00e1ctico de apoyo para impartir y cursar la UEA Ecolog.a Microbiana; que es una UEA optativa en el nuevo plan de estudios de la licenciatura en Ingenier.a Bioqu.mica Industrial que se imparte [&hellip;]<\/p>\n","protected":false},"author":2,"featured_media":0,"parent":0,"menu_order":0,"comment_status":"closed","ping_status":"closed","template":"elementor_header_footer","meta":{"footnotes":""},"class_list":["post-451","page","type-page","status-publish","hentry"],"_links":{"self":[{"href":"https:\/\/ceu3.izt.uam.mx\/librosUAMI\/index.php\/wp-json\/wp\/v2\/pages\/451","targetHints":{"allow":["GET"]}}],"collection":[{"href":"https:\/\/ceu3.izt.uam.mx\/librosUAMI\/index.php\/wp-json\/wp\/v2\/pages"}],"about":[{"href":"https:\/\/ceu3.izt.uam.mx\/librosUAMI\/index.php\/wp-json\/wp\/v2\/types\/page"}],"author":[{"embeddable":true,"href":"https:\/\/ceu3.izt.uam.mx\/librosUAMI\/index.php\/wp-json\/wp\/v2\/users\/2"}],"replies":[{"embeddable":true,"href":"https:\/\/ceu3.izt.uam.mx\/librosUAMI\/index.php\/wp-json\/wp\/v2\/comments?post=451"}],"version-history":[{"count":10,"href":"https:\/\/ceu3.izt.uam.mx\/librosUAMI\/index.php\/wp-json\/wp\/v2\/pages\/451\/revisions"}],"predecessor-version":[{"id":1108,"href":"https:\/\/ceu3.izt.uam.mx\/librosUAMI\/index.php\/wp-json\/wp\/v2\/pages\/451\/revisions\/1108"}],"wp:attachment":[{"href":"https:\/\/ceu3.izt.uam.mx\/librosUAMI\/index.php\/wp-json\/wp\/v2\/media?parent=451"}],"curies":[{"name":"wp","href":"https:\/\/api.w.org\/{rel}","templated":true}]}}