{"id":344,"date":"2025-05-06T16:31:19","date_gmt":"2025-05-06T16:31:19","guid":{"rendered":"https:\/\/ceu2.izt.uam.mx\/librosUAMI\/?page_id=344"},"modified":"2025-05-22T18:34:15","modified_gmt":"2025-05-22T18:34:15","slug":"citometria_de_flujo","status":"publish","type":"page","link":"https:\/\/ceu3.izt.uam.mx\/librosUAMI\/index.php\/citometria_de_flujo\/","title":{"rendered":"Citometr\u00eda de Flujo"},"content":{"rendered":"\t\t<div data-elementor-type=\"wp-page\" data-elementor-id=\"344\" class=\"elementor elementor-344\" data-elementor-post-type=\"page\">\n\t\t\t\t\t\t<section class=\"elementor-section elementor-top-section elementor-element elementor-element-32f74f7 elementor-section-boxed elementor-section-height-default elementor-section-height-default jltma-glass-effect-no\" data-id=\"32f74f7\" data-element_type=\"section\" data-e-type=\"section\" data-settings=\"{&quot;background_background&quot;:&quot;classic&quot;,&quot;shape_divider_bottom&quot;:&quot;mountains&quot;}\">\n\t\t\t\t\t<div class=\"elementor-shape elementor-shape-bottom\" aria-hidden=\"true\" data-negative=\"false\">\n\t\t\t<svg xmlns=\"http:\/\/www.w3.org\/2000\/svg\" viewBox=\"0 0 1000 100\" preserveAspectRatio=\"none\">\n\t<path class=\"elementor-shape-fill\" opacity=\"0.33\" d=\"M473,67.3c-203.9,88.3-263.1-34-320.3,0C66,119.1,0,59.7,0,59.7V0h1000v59.7 c0,0-62.1,26.1-94.9,29.3c-32.8,3.3-62.8-12.3-75.8-22.1C806,49.6,745.3,8.7,694.9,4.7S492.4,59,473,67.3z\"\/>\n\t<path class=\"elementor-shape-fill\" opacity=\"0.66\" d=\"M734,67.3c-45.5,0-77.2-23.2-129.1-39.1c-28.6-8.7-150.3-10.1-254,39.1 s-91.7-34.4-149.2,0C115.7,118.3,0,39.8,0,39.8V0h1000v36.5c0,0-28.2-18.5-92.1-18.5C810.2,18.1,775.7,67.3,734,67.3z\"\/>\n\t<path class=\"elementor-shape-fill\" d=\"M766.1,28.9c-200-57.5-266,65.5-395.1,19.5C242,1.8,242,5.4,184.8,20.6C128,35.8,132.3,44.9,89.9,52.5C28.6,63.7,0,0,0,0 h1000c0,0-9.9,40.9-83.6,48.1S829.6,47,766.1,28.9z\"\/>\n<\/svg>\t\t<\/div>\n\t\t\t\t\t<div class=\"elementor-container elementor-column-gap-default\">\n\t\t\t\t\t<div class=\"elementor-column elementor-col-100 elementor-top-column elementor-element elementor-element-c8bb43b jltma-glass-effect-no\" data-id=\"c8bb43b\" data-element_type=\"column\" data-e-type=\"column\">\n\t\t\t<div class=\"elementor-widget-wrap elementor-element-populated\">\n\t\t\t\t\t\t<div class=\"elementor-element elementor-element-57760be jltma-glass-effect-no elementor-widget elementor-widget-spacer\" data-id=\"57760be\" data-element_type=\"widget\" data-e-type=\"widget\" data-widget_type=\"spacer.default\">\n\t\t\t\t<div class=\"elementor-widget-container\">\n\t\t\t\t\t\t\t<div class=\"elementor-spacer\">\n\t\t\t<div class=\"elementor-spacer-inner\"><\/div>\n\t\t<\/div>\n\t\t\t\t\t\t<\/div>\n\t\t\t\t<\/div>\n\t\t\t\t\t<\/div>\n\t\t<\/div>\n\t\t\t\t\t<\/div>\n\t\t<\/section>\n\t\t\t\t<section class=\"elementor-section elementor-top-section elementor-element elementor-element-55fb6ad elementor-section-boxed elementor-section-height-default elementor-section-height-default jltma-glass-effect-no\" data-id=\"55fb6ad\" data-element_type=\"section\" data-e-type=\"section\">\n\t\t\t\t\t\t<div class=\"elementor-container elementor-column-gap-default\">\n\t\t\t\t\t<div class=\"elementor-column elementor-col-100 elementor-top-column elementor-element elementor-element-bb06d4b jltma-glass-effect-no\" data-id=\"bb06d4b\" data-element_type=\"column\" data-e-type=\"column\">\n\t\t\t<div class=\"elementor-widget-wrap elementor-element-populated\">\n\t\t\t\t\t\t<div class=\"elementor-element elementor-element-a3957fc jltma-glass-effect-no elementor-widget elementor-widget-spacer\" data-id=\"a3957fc\" data-element_type=\"widget\" data-e-type=\"widget\" data-widget_type=\"spacer.default\">\n\t\t\t\t<div class=\"elementor-widget-container\">\n\t\t\t\t\t\t\t<div class=\"elementor-spacer\">\n\t\t\t<div class=\"elementor-spacer-inner\"><\/div>\n\t\t<\/div>\n\t\t\t\t\t\t<\/div>\n\t\t\t\t<\/div>\n\t\t\t\t<div class=\"elementor-element elementor-element-1cca240 jltma-glass-effect-no elementor-widget elementor-widget-heading\" data-id=\"1cca240\" data-element_type=\"widget\" data-e-type=\"widget\" data-widget_type=\"heading.default\">\n\t\t\t\t<div class=\"elementor-widget-container\">\n\t\t\t\t\t<h2 class=\"elementor-heading-title elementor-size-default\">Citometr\u00eda de Flujo<\/h2>\t\t\t\t<\/div>\n\t\t\t\t<\/div>\n\t\t\t\t<div class=\"elementor-element elementor-element-89090c9 jltma-glass-effect-no elementor-widget elementor-widget-spacer\" data-id=\"89090c9\" data-element_type=\"widget\" data-e-type=\"widget\" data-widget_type=\"spacer.default\">\n\t\t\t\t<div class=\"elementor-widget-container\">\n\t\t\t\t\t\t\t<div class=\"elementor-spacer\">\n\t\t\t<div class=\"elementor-spacer-inner\"><\/div>\n\t\t<\/div>\n\t\t\t\t\t\t<\/div>\n\t\t\t\t<\/div>\n\t\t\t\t\t<\/div>\n\t\t<\/div>\n\t\t\t\t\t<\/div>\n\t\t<\/section>\n\t\t\t\t<section class=\"elementor-section elementor-top-section elementor-element elementor-element-6a7abde elementor-section-boxed elementor-section-height-default elementor-section-height-default jltma-glass-effect-no\" data-id=\"6a7abde\" data-element_type=\"section\" data-e-type=\"section\">\n\t\t\t\t\t\t<div class=\"elementor-container elementor-column-gap-default\">\n\t\t\t\t\t<div class=\"elementor-column elementor-col-50 elementor-top-column elementor-element elementor-element-d3cbcbe jltma-glass-effect-no\" data-id=\"d3cbcbe\" data-element_type=\"column\" data-e-type=\"column\">\n\t\t\t<div class=\"elementor-widget-wrap elementor-element-populated\">\n\t\t\t\t\t\t<div class=\"elementor-element elementor-element-edcfbf6 jltma-glass-effect-no elementor-widget elementor-widget-image\" data-id=\"edcfbf6\" data-element_type=\"widget\" data-e-type=\"widget\" data-widget_type=\"image.default\">\n\t\t\t\t<div class=\"elementor-widget-container\">\n\t\t\t\t\t\t\t\t\t\t\t\t\t\t\t\t<a href=\"http:\/\/ceu2.izt.uam.mx\/librosUAMI\/wp-content\/uploads\/2025\/05\/Citometria-de-Flujo.png\" data-elementor-open-lightbox=\"yes\" data-elementor-lightbox-title=\"Citometr\u00eda de Flujo\" data-e-action-hash=\"#elementor-action%3Aaction%3Dlightbox%26settings%3DeyJpZCI6MzQyLCJ1cmwiOiJodHRwczpcL1wvY2V1My5penQudWFtLm14XC9saWJyb3NVQU1JXC93cC1jb250ZW50XC91cGxvYWRzXC8yMDI1XC8wNVwvQ2l0b21ldHJpYS1kZS1GbHVqby5wbmcifQ%3D%3D\">\n\t\t\t\t\t\t\t<img fetchpriority=\"high\" decoding=\"async\" width=\"612\" height=\"800\" src=\"https:\/\/ceu3.izt.uam.mx\/librosUAMI\/wp-content\/uploads\/2025\/05\/Citometria-de-Flujo.png\" class=\"attachment-large size-large wp-image-342\" alt=\"\" srcset=\"https:\/\/ceu3.izt.uam.mx\/librosUAMI\/wp-content\/uploads\/2025\/05\/Citometria-de-Flujo.png 612w, https:\/\/ceu3.izt.uam.mx\/librosUAMI\/wp-content\/uploads\/2025\/05\/Citometria-de-Flujo-230x300.png 230w\" sizes=\"(max-width: 612px) 100vw, 612px\" \/>\t\t\t\t\t\t\t\t<\/a>\n\t\t\t\t\t\t\t\t\t\t\t\t\t\t\t<\/div>\n\t\t\t\t<\/div>\n\t\t\t\t<div class=\"elementor-element elementor-element-3cdd000 elementor-align-center jltma-glass-effect-no elementor-widget elementor-widget-button\" data-id=\"3cdd000\" data-element_type=\"widget\" data-e-type=\"widget\" data-widget_type=\"button.default\">\n\t\t\t\t<div class=\"elementor-widget-container\">\n\t\t\t\t\t\t\t\t\t<div class=\"elementor-button-wrapper\">\n\t\t\t\t\t<a class=\"elementor-button elementor-button-link elementor-size-sm\" href=\"http:\/\/ceu2.izt.uam.mx\/librosUAMI\/wp-content\/uploads\/2025\/05\/MCF.pdf\" target=\"_blank\">\n\t\t\t\t\t\t<span class=\"elementor-button-content-wrapper\">\n\t\t\t\t\t\t\t\t\t<span class=\"elementor-button-text\">Descargar PDF<\/span>\n\t\t\t\t\t<\/span>\n\t\t\t\t\t<\/a>\n\t\t\t\t<\/div>\n\t\t\t\t\t\t\t\t<\/div>\n\t\t\t\t<\/div>\n\t\t\t\t<div class=\"elementor-element elementor-element-ce9e18d elementor-align-center jltma-glass-effect-no elementor-widget elementor-widget-button\" data-id=\"ce9e18d\" data-element_type=\"widget\" data-e-type=\"widget\" data-widget_type=\"button.default\">\n\t\t\t\t<div class=\"elementor-widget-container\">\n\t\t\t\t\t\t\t\t\t<div class=\"elementor-button-wrapper\">\n\t\t\t\t\t<a class=\"elementor-button elementor-button-link elementor-size-sm\" href=\"https:\/\/ceu2.izt.uam.mx\/librosUAMI\/index.php\/3d-flip-book\/citometria-de-flujo\/\" target=\"_blank\">\n\t\t\t\t\t\t<span class=\"elementor-button-content-wrapper\">\n\t\t\t\t\t\t\t\t\t<span class=\"elementor-button-text\">Ver en flipbook<\/span>\n\t\t\t\t\t<\/span>\n\t\t\t\t\t<\/a>\n\t\t\t\t<\/div>\n\t\t\t\t\t\t\t\t<\/div>\n\t\t\t\t<\/div>\n\t\t\t\t\t<\/div>\n\t\t<\/div>\n\t\t\t\t<div class=\"elementor-column elementor-col-50 elementor-top-column elementor-element elementor-element-569ca23 jltma-glass-effect-no\" data-id=\"569ca23\" data-element_type=\"column\" data-e-type=\"column\">\n\t\t\t<div class=\"elementor-widget-wrap elementor-element-populated\">\n\t\t\t\t\t\t<div class=\"elementor-element elementor-element-bb6b822 jltma-glass-effect-no elementor-widget elementor-widget-text-editor\" data-id=\"bb6b822\" data-element_type=\"widget\" data-e-type=\"widget\" data-widget_type=\"text-editor.default\">\n\t\t\t\t<div class=\"elementor-widget-container\">\n\t\t\t\t\t\t\t\t\t<p><i>La citometr\u00eda de flujo es una tecnolog\u00eda que permite evaluar diferentes caracter\u00edsticas simult\u00e1neamente de una c\u00e9lula o part\u00edcula <\/i><i>en suspensi\u00f3n, como son el tama\u00f1o y la complejidad interna, as\u00ed como, alg\u00fan componente celular o la funci\u00f3n marcada con <\/i><i>fluorescencia. Aunque la citometr\u00eda de flujo es una tecnolog\u00eda relativamente reciente, sus caracter\u00edsticas especiales como t\u00e9cnica <\/i><i>de an\u00e1lisis celular han propiciado, en la \u00faltima d\u00e9cada, un r\u00e1pido incremento en su uso, tanto en los laboratorios de investigaci\u00f3n <\/i><i>b\u00e1sica como en los laboratorios cl\u00ednicos<\/i><\/p><p><i>El presente manual fue elaborado para apoyar los cursos de licenciatura y posgrado, sobre citometr\u00eda de flujo, que se imparten <\/i><i>en la Divisi\u00f3n de Ciencias Biol\u00f3gicas y de la Salud. Tiene como objetivo introducir al alumno en el manejo del cit\u00f3metro <\/i><i>de flujo, por medio de la realizaci\u00f3n de pr\u00e1cticas para la evaluaci\u00f3n de diversas caracter\u00edsticas de las c\u00e9lulas por medio de esta <\/i><i>tecnolog\u00eda.<\/i><\/p><p><i>Las pr\u00e1cticas propuestas son factibles de realizar, fueron elaboradas tomando en consideraci\u00f3n los recursos disponibles para <\/i><i>su desarrollo con los cit\u00f3metros de flujo con los que cuenta la Divisi\u00f3n de Ciencias Biol\u00f3gicas y de la Salud de la Universidad <\/i><i>Aut\u00f3noma Metropolitana, Unidad Iztapalapa. <\/i><\/p><p><i>En la primera parte del presente manual, se exponen los conceptos b\u00e1sicos de la citometr\u00eda de flujo. A continuaci\u00f3n se incluye <\/i><i>un apartado en el que se presentan las medidas de seguridad esenciales para el trabajo en el laboratorio. En seguida se incluyen <\/i><i>las pr\u00e1cticas.<\/i><\/p><p><i>La pr\u00e1ctica 1 tiene como objetivo la demostraci\u00f3n del cit\u00f3metro de flujo, en ella se explican sus componentes principales y <\/i><i>el funcionamiento general del equipo. En la pr\u00e1ctica 2 se lleva a cabo el proceso para la calibraci\u00f3n y optimizaci\u00f3n del equipo. <\/i><i>En la pr\u00e1ctica 3 se ense\u00f1a el m\u00e9todo para la separaci\u00f3n de c\u00e9lulas por medio de citometr\u00eda de flujo. En la pr\u00e1ctica 4 se efect\u00faa <\/i><i>el an\u00e1lisis del contenido de ADN y se identifican a las c\u00e9lulas en las diferentes fases del ciclo celular. La pr\u00e1ctica 5 tiene como <\/i><i>objetivo determinar la viabilidad celular de una muestra biol\u00f3gica utilizando citometr\u00eda de flujo. En La pr\u00e1ctica 6 se determina <\/i><i>el porcentaje de las diferentes subpoblaciones de leucocitos y linfocitos en sangre perif\u00e9rica de humano. Y, en la pr\u00e1ctica 7 se <\/i><i>desarrolla un m\u00e9todo alternativo para cuantificar al ADN.<\/i><\/p><p><i>Por \u00faltimo se incluye bibliograf\u00eda complementaria para que los alumnos puedan ampliar los conocimientos que les resulten <\/i><i>m\u00e1s atractivos.<\/i><\/p><p><i>Por medio de la realizaci\u00f3n de estos protocolos, se demuestra que la citometr\u00eda constituye un complemento valioso de las <\/i><i>t\u00e9cnicas cl\u00e1sicas utilizadas para el estudio de la morfolog\u00eda, biolog\u00eda y bioqu\u00edmica celular.<\/i><\/p>\t\t\t\t\t\t\t\t<\/div>\n\t\t\t\t<\/div>\n\t\t\t\t\t<\/div>\n\t\t<\/div>\n\t\t\t\t\t<\/div>\n\t\t<\/section>\n\t\t\t\t<\/div>\n\t\t","protected":false},"excerpt":{"rendered":"<p>Citometr\u00eda de Flujo Descargar PDF Ver en flipbook La citometr\u00eda de flujo es una tecnolog\u00eda que permite evaluar diferentes caracter\u00edsticas simult\u00e1neamente de una c\u00e9lula o part\u00edcula en suspensi\u00f3n, como son el tama\u00f1o y la complejidad interna, as\u00ed como, alg\u00fan componente celular o la funci\u00f3n marcada con fluorescencia. Aunque la citometr\u00eda de flujo es una tecnolog\u00eda [&hellip;]<\/p>\n","protected":false},"author":2,"featured_media":0,"parent":0,"menu_order":0,"comment_status":"closed","ping_status":"closed","template":"elementor_header_footer","meta":{"footnotes":""},"class_list":["post-344","page","type-page","status-publish","hentry"],"_links":{"self":[{"href":"https:\/\/ceu3.izt.uam.mx\/librosUAMI\/index.php\/wp-json\/wp\/v2\/pages\/344","targetHints":{"allow":["GET"]}}],"collection":[{"href":"https:\/\/ceu3.izt.uam.mx\/librosUAMI\/index.php\/wp-json\/wp\/v2\/pages"}],"about":[{"href":"https:\/\/ceu3.izt.uam.mx\/librosUAMI\/index.php\/wp-json\/wp\/v2\/types\/page"}],"author":[{"embeddable":true,"href":"https:\/\/ceu3.izt.uam.mx\/librosUAMI\/index.php\/wp-json\/wp\/v2\/users\/2"}],"replies":[{"embeddable":true,"href":"https:\/\/ceu3.izt.uam.mx\/librosUAMI\/index.php\/wp-json\/wp\/v2\/comments?post=344"}],"version-history":[{"count":13,"href":"https:\/\/ceu3.izt.uam.mx\/librosUAMI\/index.php\/wp-json\/wp\/v2\/pages\/344\/revisions"}],"predecessor-version":[{"id":1096,"href":"https:\/\/ceu3.izt.uam.mx\/librosUAMI\/index.php\/wp-json\/wp\/v2\/pages\/344\/revisions\/1096"}],"wp:attachment":[{"href":"https:\/\/ceu3.izt.uam.mx\/librosUAMI\/index.php\/wp-json\/wp\/v2\/media?parent=344"}],"curies":[{"name":"wp","href":"https:\/\/api.w.org\/{rel}","templated":true}]}}