{"id":337,"date":"2025-05-06T01:45:09","date_gmt":"2025-05-06T01:45:09","guid":{"rendered":"https:\/\/ceu2.izt.uam.mx\/librosUAMI\/?page_id=337"},"modified":"2025-05-22T18:19:46","modified_gmt":"2025-05-22T18:19:46","slug":"biologia_de_algas","status":"publish","type":"page","link":"https:\/\/ceu3.izt.uam.mx\/librosUAMI\/index.php\/biologia_de_algas\/","title":{"rendered":"Biolog\u00eda de Algas"},"content":{"rendered":"\t\t<div data-elementor-type=\"wp-page\" data-elementor-id=\"337\" class=\"elementor elementor-337\" data-elementor-post-type=\"page\">\n\t\t\t\t\t\t<section class=\"elementor-section elementor-top-section elementor-element elementor-element-bfda76c elementor-section-boxed elementor-section-height-default elementor-section-height-default jltma-glass-effect-no\" data-id=\"bfda76c\" data-element_type=\"section\" data-e-type=\"section\" data-settings=\"{&quot;background_background&quot;:&quot;classic&quot;,&quot;shape_divider_bottom&quot;:&quot;mountains&quot;}\">\n\t\t\t\t\t<div class=\"elementor-shape elementor-shape-bottom\" aria-hidden=\"true\" data-negative=\"false\">\n\t\t\t<svg xmlns=\"http:\/\/www.w3.org\/2000\/svg\" viewBox=\"0 0 1000 100\" preserveAspectRatio=\"none\">\n\t<path class=\"elementor-shape-fill\" opacity=\"0.33\" d=\"M473,67.3c-203.9,88.3-263.1-34-320.3,0C66,119.1,0,59.7,0,59.7V0h1000v59.7 c0,0-62.1,26.1-94.9,29.3c-32.8,3.3-62.8-12.3-75.8-22.1C806,49.6,745.3,8.7,694.9,4.7S492.4,59,473,67.3z\"\/>\n\t<path class=\"elementor-shape-fill\" opacity=\"0.66\" d=\"M734,67.3c-45.5,0-77.2-23.2-129.1-39.1c-28.6-8.7-150.3-10.1-254,39.1 s-91.7-34.4-149.2,0C115.7,118.3,0,39.8,0,39.8V0h1000v36.5c0,0-28.2-18.5-92.1-18.5C810.2,18.1,775.7,67.3,734,67.3z\"\/>\n\t<path class=\"elementor-shape-fill\" d=\"M766.1,28.9c-200-57.5-266,65.5-395.1,19.5C242,1.8,242,5.4,184.8,20.6C128,35.8,132.3,44.9,89.9,52.5C28.6,63.7,0,0,0,0 h1000c0,0-9.9,40.9-83.6,48.1S829.6,47,766.1,28.9z\"\/>\n<\/svg>\t\t<\/div>\n\t\t\t\t\t<div class=\"elementor-container elementor-column-gap-default\">\n\t\t\t\t\t<div class=\"elementor-column elementor-col-100 elementor-top-column elementor-element elementor-element-f3ad7db jltma-glass-effect-no\" data-id=\"f3ad7db\" data-element_type=\"column\" data-e-type=\"column\">\n\t\t\t<div class=\"elementor-widget-wrap elementor-element-populated\">\n\t\t\t\t\t\t<div class=\"elementor-element elementor-element-f0a03d7 jltma-glass-effect-no elementor-widget elementor-widget-spacer\" data-id=\"f0a03d7\" data-element_type=\"widget\" data-e-type=\"widget\" data-widget_type=\"spacer.default\">\n\t\t\t\t<div class=\"elementor-widget-container\">\n\t\t\t\t\t\t\t<div class=\"elementor-spacer\">\n\t\t\t<div class=\"elementor-spacer-inner\"><\/div>\n\t\t<\/div>\n\t\t\t\t\t\t<\/div>\n\t\t\t\t<\/div>\n\t\t\t\t\t<\/div>\n\t\t<\/div>\n\t\t\t\t\t<\/div>\n\t\t<\/section>\n\t\t\t\t<section class=\"elementor-section elementor-top-section elementor-element elementor-element-55fb6ad elementor-section-boxed elementor-section-height-default elementor-section-height-default jltma-glass-effect-no\" data-id=\"55fb6ad\" data-element_type=\"section\" data-e-type=\"section\">\n\t\t\t\t\t\t<div class=\"elementor-container elementor-column-gap-default\">\n\t\t\t\t\t<div class=\"elementor-column elementor-col-100 elementor-top-column elementor-element elementor-element-bb06d4b jltma-glass-effect-no\" data-id=\"bb06d4b\" data-element_type=\"column\" data-e-type=\"column\">\n\t\t\t<div class=\"elementor-widget-wrap elementor-element-populated\">\n\t\t\t\t\t\t<div class=\"elementor-element elementor-element-a3957fc jltma-glass-effect-no elementor-widget elementor-widget-spacer\" data-id=\"a3957fc\" data-element_type=\"widget\" data-e-type=\"widget\" data-widget_type=\"spacer.default\">\n\t\t\t\t<div class=\"elementor-widget-container\">\n\t\t\t\t\t\t\t<div class=\"elementor-spacer\">\n\t\t\t<div class=\"elementor-spacer-inner\"><\/div>\n\t\t<\/div>\n\t\t\t\t\t\t<\/div>\n\t\t\t\t<\/div>\n\t\t\t\t<div class=\"elementor-element elementor-element-1cca240 jltma-glass-effect-no elementor-widget elementor-widget-heading\" data-id=\"1cca240\" data-element_type=\"widget\" data-e-type=\"widget\" data-widget_type=\"heading.default\">\n\t\t\t\t<div class=\"elementor-widget-container\">\n\t\t\t\t\t<h2 class=\"elementor-heading-title elementor-size-default\">Biolog\u00eda de Algas<\/h2>\t\t\t\t<\/div>\n\t\t\t\t<\/div>\n\t\t\t\t<div class=\"elementor-element elementor-element-89090c9 jltma-glass-effect-no elementor-widget elementor-widget-spacer\" data-id=\"89090c9\" data-element_type=\"widget\" data-e-type=\"widget\" data-widget_type=\"spacer.default\">\n\t\t\t\t<div class=\"elementor-widget-container\">\n\t\t\t\t\t\t\t<div class=\"elementor-spacer\">\n\t\t\t<div class=\"elementor-spacer-inner\"><\/div>\n\t\t<\/div>\n\t\t\t\t\t\t<\/div>\n\t\t\t\t<\/div>\n\t\t\t\t\t<\/div>\n\t\t<\/div>\n\t\t\t\t\t<\/div>\n\t\t<\/section>\n\t\t\t\t<section class=\"elementor-section elementor-top-section elementor-element elementor-element-6a7abde elementor-section-boxed elementor-section-height-default elementor-section-height-default jltma-glass-effect-no\" data-id=\"6a7abde\" data-element_type=\"section\" data-e-type=\"section\">\n\t\t\t\t\t\t<div class=\"elementor-container elementor-column-gap-default\">\n\t\t\t\t\t<div class=\"elementor-column elementor-col-50 elementor-top-column elementor-element elementor-element-d3cbcbe jltma-glass-effect-no\" data-id=\"d3cbcbe\" data-element_type=\"column\" data-e-type=\"column\">\n\t\t\t<div class=\"elementor-widget-wrap elementor-element-populated\">\n\t\t\t\t\t\t<div class=\"elementor-element elementor-element-edcfbf6 jltma-glass-effect-no elementor-widget elementor-widget-image\" data-id=\"edcfbf6\" data-element_type=\"widget\" data-e-type=\"widget\" data-widget_type=\"image.default\">\n\t\t\t\t<div class=\"elementor-widget-container\">\n\t\t\t\t\t\t\t\t\t\t\t\t\t\t\t\t<a href=\"http:\/\/ceu2.izt.uam.mx\/librosUAMI\/wp-content\/uploads\/2025\/05\/Biologia-de-Algas-Portada.png\" data-elementor-open-lightbox=\"yes\" data-elementor-lightbox-title=\"Biolog\u00eda de Algas-Portada\" data-e-action-hash=\"#elementor-action%3Aaction%3Dlightbox%26settings%3DeyJpZCI6MzM2LCJ1cmwiOiJodHRwczpcL1wvY2V1My5penQudWFtLm14XC9saWJyb3NVQU1JXC93cC1jb250ZW50XC91cGxvYWRzXC8yMDI1XC8wNVwvQmlvbG9naWEtZGUtQWxnYXMtUG9ydGFkYS5wbmcifQ%3D%3D\">\n\t\t\t\t\t\t\t<img fetchpriority=\"high\" decoding=\"async\" width=\"615\" height=\"800\" src=\"https:\/\/ceu3.izt.uam.mx\/librosUAMI\/wp-content\/uploads\/2025\/05\/Biologia-de-Algas-Portada.png\" class=\"attachment-large size-large wp-image-336\" alt=\"\" srcset=\"https:\/\/ceu3.izt.uam.mx\/librosUAMI\/wp-content\/uploads\/2025\/05\/Biologia-de-Algas-Portada.png 615w, https:\/\/ceu3.izt.uam.mx\/librosUAMI\/wp-content\/uploads\/2025\/05\/Biologia-de-Algas-Portada-231x300.png 231w\" sizes=\"(max-width: 615px) 100vw, 615px\" \/>\t\t\t\t\t\t\t\t<\/a>\n\t\t\t\t\t\t\t\t\t\t\t\t\t\t\t<\/div>\n\t\t\t\t<\/div>\n\t\t\t\t<div class=\"elementor-element elementor-element-3cdd000 elementor-align-center jltma-glass-effect-no elementor-widget elementor-widget-button\" data-id=\"3cdd000\" data-element_type=\"widget\" data-e-type=\"widget\" data-widget_type=\"button.default\">\n\t\t\t\t<div class=\"elementor-widget-container\">\n\t\t\t\t\t\t\t\t\t<div class=\"elementor-button-wrapper\">\n\t\t\t\t\t<a class=\"elementor-button elementor-button-link elementor-size-sm\" href=\"http:\/\/ceu2.izt.uam.mx\/librosUAMI\/wp-content\/uploads\/2025\/05\/biologiadealgas.pdf\" target=\"_blank\">\n\t\t\t\t\t\t<span class=\"elementor-button-content-wrapper\">\n\t\t\t\t\t\t\t\t\t<span class=\"elementor-button-text\">Descargar PDF<\/span>\n\t\t\t\t\t<\/span>\n\t\t\t\t\t<\/a>\n\t\t\t\t<\/div>\n\t\t\t\t\t\t\t\t<\/div>\n\t\t\t\t<\/div>\n\t\t\t\t<div class=\"elementor-element elementor-element-0d047e9 elementor-align-center jltma-glass-effect-no elementor-widget elementor-widget-button\" data-id=\"0d047e9\" data-element_type=\"widget\" data-e-type=\"widget\" data-widget_type=\"button.default\">\n\t\t\t\t<div class=\"elementor-widget-container\">\n\t\t\t\t\t\t\t\t\t<div class=\"elementor-button-wrapper\">\n\t\t\t\t\t<a class=\"elementor-button elementor-button-link elementor-size-sm\" href=\"https:\/\/ceu2.izt.uam.mx\/librosUAMI\/index.php\/3d-flip-book\/biologia-de-algas\/\" target=\"_blank\">\n\t\t\t\t\t\t<span class=\"elementor-button-content-wrapper\">\n\t\t\t\t\t\t\t\t\t<span class=\"elementor-button-text\">Ver en flipbook<\/span>\n\t\t\t\t\t<\/span>\n\t\t\t\t\t<\/a>\n\t\t\t\t<\/div>\n\t\t\t\t\t\t\t\t<\/div>\n\t\t\t\t<\/div>\n\t\t\t\t\t<\/div>\n\t\t<\/div>\n\t\t\t\t<div class=\"elementor-column elementor-col-50 elementor-top-column elementor-element elementor-element-569ca23 jltma-glass-effect-no\" data-id=\"569ca23\" data-element_type=\"column\" data-e-type=\"column\">\n\t\t\t<div class=\"elementor-widget-wrap elementor-element-populated\">\n\t\t\t\t\t\t<div class=\"elementor-element elementor-element-bb6b822 jltma-glass-effect-no elementor-widget elementor-widget-text-editor\" data-id=\"bb6b822\" data-element_type=\"widget\" data-e-type=\"widget\" data-widget_type=\"text-editor.default\">\n\t\t\t\t<div class=\"elementor-widget-container\">\n\t\t\t\t\t\t\t\t\t<p>El conocimiento de las algas, en t\u00e9rminos biol\u00f3gicos, es comprendido a trav\u00e9s de disciplinas como la taxonom\u00eda, ecolog\u00eda, evoluci\u00f3n, biogeograf\u00eda, biotecnolog\u00eda y conservaci\u00f3n, entre otras. Por la alta diversidad de este objeto de estudio, la informaci\u00f3n aqu\u00ed sintetizada representa solo las bases elementales para un entendimiento que responde a los planes de estudio, a nivel licenciatura, de la Divisi\u00f3n de Ciencias Biol\u00f3gicas y de la Salud (C.B.S.) de la UAM-I.<span class=\"Apple-converted-space\">\u00a0<\/span><\/p><p>Este manual brinda informaci\u00f3n que puede ser utilizada para el trabajo de laboratorio en las UUEEAA: Fitobentos y Diversidad Biol\u00f3gica I de la licenciatura en Hidrobiolog\u00eda, Bot\u00e1nica General de la licenciatura en Biolog\u00eda Experimental. Dentro del plan de estudios de la licenciatura en Biolog\u00eda se incluyen las UUEEAA Biolog\u00eda de plantas I y la UEA optativa Biolog\u00eda de algas, en las cuales tambi\u00e9n tiene su inserci\u00f3n el presente manual.<span class=\"Apple-converted-space\">\u00a0<\/span><\/p><p>La finalidad de \u00e9ste es presentar el conocimiento descriptivo b\u00e1sico de la diversidad algal, explicando en los diferentes grupos taxon\u00f3micos sus caracter\u00edsticas diagn\u00f3sticas. En este sentido, se plantean ocho pr\u00e1cticas, mismas que, y con excepci\u00f3n de la primera, que aborda al grupo de las algas verde-azules \u2013 organismos procariontes \u2013, representan los principales grupos taxon\u00f3micos algales, caracter\u00edsticos de los ambientes acu\u00e1ticos mexicanos, como r\u00edos, lagunas, lagos, litorales y oce\u00e1nos. Cabe destacar, que los grupos seleccionados corresponden a grupos monofil\u00e9ticos reconocidos por la Biolog\u00eda Comparada contempor\u00e1nea.<span class=\"Apple-converted-space\">\u00a0<\/span><\/p><p>Las secciones que aborda cada pr\u00e1ctica son: INTRODUCCI\u00d3N, TEMAS A DESARROLLAR, OBJETIVOS, MATERIAL, DESARROLLO, RESULTADOS, DISCUSI\u00d3N, BIBLIOGRAF\u00cdA B\u00c1SICA y FIGURAS. As\u00ed mismo, el manual cuenta con un Glosario de t\u00e9rminos t\u00e9cnicos. Cuando las figuras no son obra de los autores, se indica la fuente bibliogr\u00e1fica.<span class=\"Apple-converted-space\">\u00a0<\/span><\/p><p>Finalmente, el presente manual es el resultado de veinticinco a\u00f1os en el ejercicio docente del laboratorio de algas, durante los cuales se han ido incorporando de manera paulatina los cambios o avances en el conocimiento universal de la biolog\u00eda de las algas.<span class=\"Apple-converted-space\">\u00a0<\/span><\/p>\t\t\t\t\t\t\t\t<\/div>\n\t\t\t\t<\/div>\n\t\t\t\t\t<\/div>\n\t\t<\/div>\n\t\t\t\t\t<\/div>\n\t\t<\/section>\n\t\t\t\t<\/div>\n\t\t","protected":false},"excerpt":{"rendered":"<p>Biolog\u00eda de Algas Descargar PDF Ver en flipbook El conocimiento de las algas, en t\u00e9rminos biol\u00f3gicos, es comprendido a trav\u00e9s de disciplinas como la taxonom\u00eda, ecolog\u00eda, evoluci\u00f3n, biogeograf\u00eda, biotecnolog\u00eda y conservaci\u00f3n, entre otras. Por la alta diversidad de este objeto de estudio, la informaci\u00f3n aqu\u00ed sintetizada representa solo las bases elementales para un entendimiento que [&hellip;]<\/p>\n","protected":false},"author":2,"featured_media":0,"parent":0,"menu_order":0,"comment_status":"closed","ping_status":"closed","template":"elementor_header_footer","meta":{"footnotes":""},"class_list":["post-337","page","type-page","status-publish","hentry"],"_links":{"self":[{"href":"https:\/\/ceu3.izt.uam.mx\/librosUAMI\/index.php\/wp-json\/wp\/v2\/pages\/337","targetHints":{"allow":["GET"]}}],"collection":[{"href":"https:\/\/ceu3.izt.uam.mx\/librosUAMI\/index.php\/wp-json\/wp\/v2\/pages"}],"about":[{"href":"https:\/\/ceu3.izt.uam.mx\/librosUAMI\/index.php\/wp-json\/wp\/v2\/types\/page"}],"author":[{"embeddable":true,"href":"https:\/\/ceu3.izt.uam.mx\/librosUAMI\/index.php\/wp-json\/wp\/v2\/users\/2"}],"replies":[{"embeddable":true,"href":"https:\/\/ceu3.izt.uam.mx\/librosUAMI\/index.php\/wp-json\/wp\/v2\/comments?post=337"}],"version-history":[{"count":10,"href":"https:\/\/ceu3.izt.uam.mx\/librosUAMI\/index.php\/wp-json\/wp\/v2\/pages\/337\/revisions"}],"predecessor-version":[{"id":1078,"href":"https:\/\/ceu3.izt.uam.mx\/librosUAMI\/index.php\/wp-json\/wp\/v2\/pages\/337\/revisions\/1078"}],"wp:attachment":[{"href":"https:\/\/ceu3.izt.uam.mx\/librosUAMI\/index.php\/wp-json\/wp\/v2\/media?parent=337"}],"curies":[{"name":"wp","href":"https:\/\/api.w.org\/{rel}","templated":true}]}}