{"id":299,"date":"2025-05-02T17:22:06","date_gmt":"2025-05-02T17:22:06","guid":{"rendered":"https:\/\/ceu2.izt.uam.mx\/librosUAMI\/?page_id=299"},"modified":"2025-05-22T18:49:39","modified_gmt":"2025-05-22T18:49:39","slug":"introduccion_a_la_bioinformatica","status":"publish","type":"page","link":"https:\/\/ceu3.izt.uam.mx\/librosUAMI\/index.php\/introduccion_a_la_bioinformatica\/","title":{"rendered":"Introducci\u00f3n a la Bioinform\u00e1tica"},"content":{"rendered":"\t\t<div data-elementor-type=\"wp-page\" data-elementor-id=\"299\" class=\"elementor elementor-299\" data-elementor-post-type=\"page\">\n\t\t\t\t\t\t<section class=\"elementor-section elementor-top-section elementor-element elementor-element-d5154b6 elementor-section-boxed elementor-section-height-default elementor-section-height-default jltma-glass-effect-no\" data-id=\"d5154b6\" data-element_type=\"section\" data-e-type=\"section\" data-settings=\"{&quot;background_background&quot;:&quot;classic&quot;,&quot;shape_divider_bottom&quot;:&quot;mountains&quot;}\">\n\t\t\t\t\t<div class=\"elementor-shape elementor-shape-bottom\" aria-hidden=\"true\" data-negative=\"false\">\n\t\t\t<svg xmlns=\"http:\/\/www.w3.org\/2000\/svg\" viewBox=\"0 0 1000 100\" preserveAspectRatio=\"none\">\n\t<path class=\"elementor-shape-fill\" opacity=\"0.33\" d=\"M473,67.3c-203.9,88.3-263.1-34-320.3,0C66,119.1,0,59.7,0,59.7V0h1000v59.7 c0,0-62.1,26.1-94.9,29.3c-32.8,3.3-62.8-12.3-75.8-22.1C806,49.6,745.3,8.7,694.9,4.7S492.4,59,473,67.3z\"\/>\n\t<path class=\"elementor-shape-fill\" opacity=\"0.66\" d=\"M734,67.3c-45.5,0-77.2-23.2-129.1-39.1c-28.6-8.7-150.3-10.1-254,39.1 s-91.7-34.4-149.2,0C115.7,118.3,0,39.8,0,39.8V0h1000v36.5c0,0-28.2-18.5-92.1-18.5C810.2,18.1,775.7,67.3,734,67.3z\"\/>\n\t<path class=\"elementor-shape-fill\" d=\"M766.1,28.9c-200-57.5-266,65.5-395.1,19.5C242,1.8,242,5.4,184.8,20.6C128,35.8,132.3,44.9,89.9,52.5C28.6,63.7,0,0,0,0 h1000c0,0-9.9,40.9-83.6,48.1S829.6,47,766.1,28.9z\"\/>\n<\/svg>\t\t<\/div>\n\t\t\t\t\t<div class=\"elementor-container elementor-column-gap-default\">\n\t\t\t\t\t<div class=\"elementor-column elementor-col-100 elementor-top-column elementor-element elementor-element-0ab2a68 jltma-glass-effect-no\" data-id=\"0ab2a68\" data-element_type=\"column\" data-e-type=\"column\">\n\t\t\t<div class=\"elementor-widget-wrap elementor-element-populated\">\n\t\t\t\t\t\t<div class=\"elementor-element elementor-element-0ec31d8 jltma-glass-effect-no elementor-widget elementor-widget-spacer\" data-id=\"0ec31d8\" data-element_type=\"widget\" data-e-type=\"widget\" data-widget_type=\"spacer.default\">\n\t\t\t\t<div class=\"elementor-widget-container\">\n\t\t\t\t\t\t\t<div class=\"elementor-spacer\">\n\t\t\t<div class=\"elementor-spacer-inner\"><\/div>\n\t\t<\/div>\n\t\t\t\t\t\t<\/div>\n\t\t\t\t<\/div>\n\t\t\t\t\t<\/div>\n\t\t<\/div>\n\t\t\t\t\t<\/div>\n\t\t<\/section>\n\t\t\t\t<section class=\"elementor-section elementor-top-section elementor-element elementor-element-55fb6ad elementor-section-boxed elementor-section-height-default elementor-section-height-default jltma-glass-effect-no\" data-id=\"55fb6ad\" data-element_type=\"section\" data-e-type=\"section\">\n\t\t\t\t\t\t<div class=\"elementor-container elementor-column-gap-default\">\n\t\t\t\t\t<div class=\"elementor-column elementor-col-100 elementor-top-column elementor-element elementor-element-bb06d4b jltma-glass-effect-no\" data-id=\"bb06d4b\" data-element_type=\"column\" data-e-type=\"column\">\n\t\t\t<div class=\"elementor-widget-wrap elementor-element-populated\">\n\t\t\t\t\t\t<div class=\"elementor-element elementor-element-a3957fc jltma-glass-effect-no elementor-widget elementor-widget-spacer\" data-id=\"a3957fc\" data-element_type=\"widget\" data-e-type=\"widget\" data-widget_type=\"spacer.default\">\n\t\t\t\t<div class=\"elementor-widget-container\">\n\t\t\t\t\t\t\t<div class=\"elementor-spacer\">\n\t\t\t<div class=\"elementor-spacer-inner\"><\/div>\n\t\t<\/div>\n\t\t\t\t\t\t<\/div>\n\t\t\t\t<\/div>\n\t\t\t\t<div class=\"elementor-element elementor-element-1cca240 jltma-glass-effect-no elementor-widget elementor-widget-heading\" data-id=\"1cca240\" data-element_type=\"widget\" data-e-type=\"widget\" data-widget_type=\"heading.default\">\n\t\t\t\t<div class=\"elementor-widget-container\">\n\t\t\t\t\t<h2 class=\"elementor-heading-title elementor-size-default\">Introducci\u00f3n a la Bioinform\u00e1tica<\/h2>\t\t\t\t<\/div>\n\t\t\t\t<\/div>\n\t\t\t\t<div class=\"elementor-element elementor-element-89090c9 jltma-glass-effect-no elementor-widget elementor-widget-spacer\" data-id=\"89090c9\" data-element_type=\"widget\" data-e-type=\"widget\" data-widget_type=\"spacer.default\">\n\t\t\t\t<div class=\"elementor-widget-container\">\n\t\t\t\t\t\t\t<div class=\"elementor-spacer\">\n\t\t\t<div class=\"elementor-spacer-inner\"><\/div>\n\t\t<\/div>\n\t\t\t\t\t\t<\/div>\n\t\t\t\t<\/div>\n\t\t\t\t\t<\/div>\n\t\t<\/div>\n\t\t\t\t\t<\/div>\n\t\t<\/section>\n\t\t\t\t<section class=\"elementor-section elementor-top-section elementor-element elementor-element-6a7abde elementor-section-boxed elementor-section-height-default elementor-section-height-default jltma-glass-effect-no\" data-id=\"6a7abde\" data-element_type=\"section\" data-e-type=\"section\">\n\t\t\t\t\t\t<div class=\"elementor-container elementor-column-gap-default\">\n\t\t\t\t\t<div class=\"elementor-column elementor-col-50 elementor-top-column elementor-element elementor-element-d3cbcbe jltma-glass-effect-no\" data-id=\"d3cbcbe\" data-element_type=\"column\" data-e-type=\"column\">\n\t\t\t<div class=\"elementor-widget-wrap elementor-element-populated\">\n\t\t\t\t\t\t<div class=\"elementor-element elementor-element-edcfbf6 jltma-glass-effect-no elementor-widget elementor-widget-image\" data-id=\"edcfbf6\" data-element_type=\"widget\" data-e-type=\"widget\" data-widget_type=\"image.default\">\n\t\t\t\t<div class=\"elementor-widget-container\">\n\t\t\t\t\t\t\t\t\t\t\t\t\t\t\t\t<a href=\"http:\/\/ceu2.izt.uam.mx\/librosUAMI\/wp-content\/uploads\/2025\/05\/Manual-de-Practicas-de-Laboratorio-Introduccion-a-la-Bioinformatica-Portada.png\" data-elementor-open-lightbox=\"yes\" data-elementor-lightbox-title=\"Manual de Pr\u00e1cticas de Laboratorio Introducci\u00f3n a la Bioinform\u00e1tica-Portada\" data-e-action-hash=\"#elementor-action%3Aaction%3Dlightbox%26settings%3DeyJpZCI6MzAyLCJ1cmwiOiJodHRwczpcL1wvY2V1My5penQudWFtLm14XC9saWJyb3NVQU1JXC93cC1jb250ZW50XC91cGxvYWRzXC8yMDI1XC8wNVwvTWFudWFsLWRlLVByYWN0aWNhcy1kZS1MYWJvcmF0b3Jpby1JbnRyb2R1Y2Npb24tYS1sYS1CaW9pbmZvcm1hdGljYS1Qb3J0YWRhLnBuZyJ9\">\n\t\t\t\t\t\t\t<img fetchpriority=\"high\" decoding=\"async\" width=\"611\" height=\"800\" src=\"https:\/\/ceu3.izt.uam.mx\/librosUAMI\/wp-content\/uploads\/2025\/05\/Manual-de-Practicas-de-Laboratorio-Introduccion-a-la-Bioinformatica-Portada.png\" class=\"attachment-large size-large wp-image-302\" alt=\"\" srcset=\"https:\/\/ceu3.izt.uam.mx\/librosUAMI\/wp-content\/uploads\/2025\/05\/Manual-de-Practicas-de-Laboratorio-Introduccion-a-la-Bioinformatica-Portada.png 611w, https:\/\/ceu3.izt.uam.mx\/librosUAMI\/wp-content\/uploads\/2025\/05\/Manual-de-Practicas-de-Laboratorio-Introduccion-a-la-Bioinformatica-Portada-229x300.png 229w\" sizes=\"(max-width: 611px) 100vw, 611px\" \/>\t\t\t\t\t\t\t\t<\/a>\n\t\t\t\t\t\t\t\t\t\t\t\t\t\t\t<\/div>\n\t\t\t\t<\/div>\n\t\t\t\t<div class=\"elementor-element elementor-element-3cdd000 elementor-align-center jltma-glass-effect-no elementor-widget elementor-widget-button\" data-id=\"3cdd000\" data-element_type=\"widget\" data-e-type=\"widget\" data-widget_type=\"button.default\">\n\t\t\t\t<div class=\"elementor-widget-container\">\n\t\t\t\t\t\t\t\t\t<div class=\"elementor-button-wrapper\">\n\t\t\t\t\t<a class=\"elementor-button elementor-button-link elementor-size-sm\" href=\"http:\/\/ceu2.izt.uam.mx\/librosUAMI\/wp-content\/uploads\/2025\/05\/bioinformat.pdf\" target=\"_blank\">\n\t\t\t\t\t\t<span class=\"elementor-button-content-wrapper\">\n\t\t\t\t\t\t\t\t\t<span class=\"elementor-button-text\">Descargar PDF<\/span>\n\t\t\t\t\t<\/span>\n\t\t\t\t\t<\/a>\n\t\t\t\t<\/div>\n\t\t\t\t\t\t\t\t<\/div>\n\t\t\t\t<\/div>\n\t\t\t\t<div class=\"elementor-element elementor-element-2a5653a elementor-align-center jltma-glass-effect-no elementor-widget elementor-widget-button\" data-id=\"2a5653a\" data-element_type=\"widget\" data-e-type=\"widget\" data-widget_type=\"button.default\">\n\t\t\t\t<div class=\"elementor-widget-container\">\n\t\t\t\t\t\t\t\t\t<div class=\"elementor-button-wrapper\">\n\t\t\t\t\t<a class=\"elementor-button elementor-button-link elementor-size-sm\" href=\"https:\/\/ceu2.izt.uam.mx\/librosUAMI\/index.php\/3d-flip-book\/introduccion-a-la-bioinformatica\/\" target=\"_blank\">\n\t\t\t\t\t\t<span class=\"elementor-button-content-wrapper\">\n\t\t\t\t\t\t\t\t\t<span class=\"elementor-button-text\">Ver en flipbook<\/span>\n\t\t\t\t\t<\/span>\n\t\t\t\t\t<\/a>\n\t\t\t\t<\/div>\n\t\t\t\t\t\t\t\t<\/div>\n\t\t\t\t<\/div>\n\t\t\t\t\t<\/div>\n\t\t<\/div>\n\t\t\t\t<div class=\"elementor-column elementor-col-50 elementor-top-column elementor-element elementor-element-569ca23 jltma-glass-effect-no\" data-id=\"569ca23\" data-element_type=\"column\" data-e-type=\"column\">\n\t\t\t<div class=\"elementor-widget-wrap elementor-element-populated\">\n\t\t\t\t\t\t<div class=\"elementor-element elementor-element-bb6b822 jltma-glass-effect-no elementor-widget elementor-widget-text-editor\" data-id=\"bb6b822\" data-element_type=\"widget\" data-e-type=\"widget\" data-widget_type=\"text-editor.default\">\n\t\t\t\t<div class=\"elementor-widget-container\">\n\t\t\t\t\t\t\t\t\t<p><i>El material que est\u00e1 a punto de analizar y seguir, fue pensado para permitir que los alumnos del nivel Licenciatura y las personas <\/i><i>que se est\u00e1n incorporando a la investigaci\u00f3n cient\u00edfica en general, puedan tener una gu\u00eda simple para poder integrarse a la <\/i><i>corriente actual de la actividad de la investigaci\u00f3n.<\/i><\/p><p><i>En primer lugar, este manual est\u00e1 enfocado a las necesidades de la Gen\u00e9tica Molecular Humana. Sin embargo, dada la generalidad <\/i><i>y estructura del texto, puede ser aplicable a otros campos. Las herramientas que se sugieren no son lo m\u00e1s sofisticadas <\/i><i>que podr\u00edan encontrarse disponibles. De hecho, esta simplicidad permite su amplia aplicaci\u00f3n y la facilidad de interpretaci\u00f3n que <\/i><i>normalmente requiere un curso introductorio. En cada una de las p\u00e1ginas electr\u00f3nicas que se utilizan se encuentra material de <\/i><i>apoyo que permite un uso amigable.<\/i><\/p><p><i>La mayor\u00eda de las plataformas utilizadas permite que sean modificadas por lo que si se tienen los conocimientos avanzados, <\/i><i>permiten llenar los requerimientos de lo que ser\u00eda el desarrollo de procesos de b\u00fasqueda, comparaci\u00f3n, an\u00e1lisis y evaluaci\u00f3n <\/i><i>de resultados espec\u00edficos que requiera un laboratorio de investigaci\u00f3n en alguna de las disciplinas \u201c\u00f3micas\u201d que se est\u00e9n desarrollando.<\/i><\/p><p><i>Los autores de este manual esperamos que les sea \u00fatil y les permita adentrarse en el uso de herramientas que hagan a\u00fan <\/i><i>m\u00e1s atractiva la actividad de investigaci\u00f3n que est\u00e9n desarrollando.<\/i><\/p>\t\t\t\t\t\t\t\t<\/div>\n\t\t\t\t<\/div>\n\t\t\t\t\t<\/div>\n\t\t<\/div>\n\t\t\t\t\t<\/div>\n\t\t<\/section>\n\t\t\t\t<\/div>\n\t\t","protected":false},"excerpt":{"rendered":"<p>Introducci\u00f3n a la Bioinform\u00e1tica Descargar PDF Ver en flipbook El material que est\u00e1 a punto de analizar y seguir, fue pensado para permitir que los alumnos del nivel Licenciatura y las personas que se est\u00e1n incorporando a la investigaci\u00f3n cient\u00edfica en general, puedan tener una gu\u00eda simple para poder integrarse a la corriente actual de [&hellip;]<\/p>\n","protected":false},"author":2,"featured_media":0,"parent":0,"menu_order":0,"comment_status":"closed","ping_status":"closed","template":"elementor_header_footer","meta":{"footnotes":""},"class_list":["post-299","page","type-page","status-publish","hentry"],"_links":{"self":[{"href":"https:\/\/ceu3.izt.uam.mx\/librosUAMI\/index.php\/wp-json\/wp\/v2\/pages\/299","targetHints":{"allow":["GET"]}}],"collection":[{"href":"https:\/\/ceu3.izt.uam.mx\/librosUAMI\/index.php\/wp-json\/wp\/v2\/pages"}],"about":[{"href":"https:\/\/ceu3.izt.uam.mx\/librosUAMI\/index.php\/wp-json\/wp\/v2\/types\/page"}],"author":[{"embeddable":true,"href":"https:\/\/ceu3.izt.uam.mx\/librosUAMI\/index.php\/wp-json\/wp\/v2\/users\/2"}],"replies":[{"embeddable":true,"href":"https:\/\/ceu3.izt.uam.mx\/librosUAMI\/index.php\/wp-json\/wp\/v2\/comments?post=299"}],"version-history":[{"count":10,"href":"https:\/\/ceu3.izt.uam.mx\/librosUAMI\/index.php\/wp-json\/wp\/v2\/pages\/299\/revisions"}],"predecessor-version":[{"id":1153,"href":"https:\/\/ceu3.izt.uam.mx\/librosUAMI\/index.php\/wp-json\/wp\/v2\/pages\/299\/revisions\/1153"}],"wp:attachment":[{"href":"https:\/\/ceu3.izt.uam.mx\/librosUAMI\/index.php\/wp-json\/wp\/v2\/media?parent=299"}],"curies":[{"name":"wp","href":"https:\/\/api.w.org\/{rel}","templated":true}]}}