{"id":186,"date":"2024-11-21T17:06:01","date_gmt":"2024-11-21T17:06:01","guid":{"rendered":"https:\/\/ceu2.izt.uam.mx\/librosUAMI\/?page_id=186"},"modified":"2025-05-22T19:20:16","modified_gmt":"2025-05-22T19:20:16","slug":"practica-pecuaria","status":"publish","type":"page","link":"https:\/\/ceu3.izt.uam.mx\/librosUAMI\/index.php\/practica-pecuaria\/","title":{"rendered":"Pr\u00e1ctica Pecuaria"},"content":{"rendered":"\t\t<div data-elementor-type=\"wp-page\" data-elementor-id=\"186\" class=\"elementor elementor-186\" data-elementor-post-type=\"page\">\n\t\t\t\t\t\t<section class=\"elementor-section elementor-top-section elementor-element elementor-element-cb7a38d elementor-section-boxed elementor-section-height-default elementor-section-height-default jltma-glass-effect-no\" data-id=\"cb7a38d\" data-element_type=\"section\" data-e-type=\"section\" data-settings=\"{&quot;background_background&quot;:&quot;classic&quot;,&quot;shape_divider_bottom&quot;:&quot;mountains&quot;}\">\n\t\t\t\t\t<div class=\"elementor-shape elementor-shape-bottom\" aria-hidden=\"true\" data-negative=\"false\">\n\t\t\t<svg xmlns=\"http:\/\/www.w3.org\/2000\/svg\" viewBox=\"0 0 1000 100\" preserveAspectRatio=\"none\">\n\t<path class=\"elementor-shape-fill\" opacity=\"0.33\" d=\"M473,67.3c-203.9,88.3-263.1-34-320.3,0C66,119.1,0,59.7,0,59.7V0h1000v59.7 c0,0-62.1,26.1-94.9,29.3c-32.8,3.3-62.8-12.3-75.8-22.1C806,49.6,745.3,8.7,694.9,4.7S492.4,59,473,67.3z\"\/>\n\t<path class=\"elementor-shape-fill\" opacity=\"0.66\" d=\"M734,67.3c-45.5,0-77.2-23.2-129.1-39.1c-28.6-8.7-150.3-10.1-254,39.1 s-91.7-34.4-149.2,0C115.7,118.3,0,39.8,0,39.8V0h1000v36.5c0,0-28.2-18.5-92.1-18.5C810.2,18.1,775.7,67.3,734,67.3z\"\/>\n\t<path class=\"elementor-shape-fill\" d=\"M766.1,28.9c-200-57.5-266,65.5-395.1,19.5C242,1.8,242,5.4,184.8,20.6C128,35.8,132.3,44.9,89.9,52.5C28.6,63.7,0,0,0,0 h1000c0,0-9.9,40.9-83.6,48.1S829.6,47,766.1,28.9z\"\/>\n<\/svg>\t\t<\/div>\n\t\t\t\t\t<div class=\"elementor-container elementor-column-gap-default\">\n\t\t\t\t\t<div class=\"elementor-column elementor-col-100 elementor-top-column elementor-element elementor-element-65e4217 jltma-glass-effect-no\" data-id=\"65e4217\" data-element_type=\"column\" data-e-type=\"column\">\n\t\t\t<div class=\"elementor-widget-wrap elementor-element-populated\">\n\t\t\t\t\t\t<div class=\"elementor-element elementor-element-2c802e4 jltma-glass-effect-no elementor-widget elementor-widget-spacer\" data-id=\"2c802e4\" data-element_type=\"widget\" data-e-type=\"widget\" data-widget_type=\"spacer.default\">\n\t\t\t\t<div class=\"elementor-widget-container\">\n\t\t\t\t\t\t\t<div class=\"elementor-spacer\">\n\t\t\t<div class=\"elementor-spacer-inner\"><\/div>\n\t\t<\/div>\n\t\t\t\t\t\t<\/div>\n\t\t\t\t<\/div>\n\t\t\t\t\t<\/div>\n\t\t<\/div>\n\t\t\t\t\t<\/div>\n\t\t<\/section>\n\t\t\t\t<section class=\"elementor-section elementor-top-section elementor-element elementor-element-55fb6ad elementor-section-boxed elementor-section-height-default elementor-section-height-default jltma-glass-effect-no\" data-id=\"55fb6ad\" data-element_type=\"section\" data-e-type=\"section\">\n\t\t\t\t\t\t<div class=\"elementor-container elementor-column-gap-default\">\n\t\t\t\t\t<div class=\"elementor-column elementor-col-100 elementor-top-column elementor-element elementor-element-bb06d4b jltma-glass-effect-no\" data-id=\"bb06d4b\" data-element_type=\"column\" data-e-type=\"column\">\n\t\t\t<div class=\"elementor-widget-wrap elementor-element-populated\">\n\t\t\t\t\t\t<div class=\"elementor-element elementor-element-a3957fc jltma-glass-effect-no elementor-widget elementor-widget-spacer\" data-id=\"a3957fc\" data-element_type=\"widget\" data-e-type=\"widget\" data-widget_type=\"spacer.default\">\n\t\t\t\t<div class=\"elementor-widget-container\">\n\t\t\t\t\t\t\t<div class=\"elementor-spacer\">\n\t\t\t<div class=\"elementor-spacer-inner\"><\/div>\n\t\t<\/div>\n\t\t\t\t\t\t<\/div>\n\t\t\t\t<\/div>\n\t\t\t\t<div class=\"elementor-element elementor-element-1cca240 jltma-glass-effect-no elementor-widget elementor-widget-heading\" data-id=\"1cca240\" data-element_type=\"widget\" data-e-type=\"widget\" data-widget_type=\"heading.default\">\n\t\t\t\t<div class=\"elementor-widget-container\">\n\t\t\t\t\t<h2 class=\"elementor-heading-title elementor-size-default\">Pr\u00e1ctica Pecuaria<\/h2>\t\t\t\t<\/div>\n\t\t\t\t<\/div>\n\t\t\t\t<div class=\"elementor-element elementor-element-89090c9 jltma-glass-effect-no elementor-widget elementor-widget-spacer\" data-id=\"89090c9\" data-element_type=\"widget\" data-e-type=\"widget\" data-widget_type=\"spacer.default\">\n\t\t\t\t<div class=\"elementor-widget-container\">\n\t\t\t\t\t\t\t<div class=\"elementor-spacer\">\n\t\t\t<div class=\"elementor-spacer-inner\"><\/div>\n\t\t<\/div>\n\t\t\t\t\t\t<\/div>\n\t\t\t\t<\/div>\n\t\t\t\t\t<\/div>\n\t\t<\/div>\n\t\t\t\t\t<\/div>\n\t\t<\/section>\n\t\t\t\t<section class=\"elementor-section elementor-top-section elementor-element elementor-element-6a7abde elementor-section-boxed elementor-section-height-default elementor-section-height-default jltma-glass-effect-no\" data-id=\"6a7abde\" data-element_type=\"section\" data-e-type=\"section\">\n\t\t\t\t\t\t<div class=\"elementor-container elementor-column-gap-default\">\n\t\t\t\t\t<div class=\"elementor-column elementor-col-50 elementor-top-column elementor-element elementor-element-d3cbcbe jltma-glass-effect-no\" data-id=\"d3cbcbe\" data-element_type=\"column\" data-e-type=\"column\">\n\t\t\t<div class=\"elementor-widget-wrap elementor-element-populated\">\n\t\t\t\t\t\t<div class=\"elementor-element elementor-element-edcfbf6 jltma-glass-effect-no elementor-widget elementor-widget-image\" data-id=\"edcfbf6\" data-element_type=\"widget\" data-e-type=\"widget\" data-widget_type=\"image.default\">\n\t\t\t\t<div class=\"elementor-widget-container\">\n\t\t\t\t\t\t\t\t\t\t\t\t\t\t\t\t<a href=\"http:\/\/ceu2.izt.uam.mx\/librosUAMI\/wp-content\/uploads\/2024\/11\/practica-pecuaria-portada.png\" data-elementor-open-lightbox=\"yes\" data-elementor-lightbox-title=\"practica pecuaria portada\" data-e-action-hash=\"#elementor-action%3Aaction%3Dlightbox%26settings%3DeyJpZCI6MTg4LCJ1cmwiOiJodHRwczpcL1wvY2V1My5penQudWFtLm14XC9saWJyb3NVQU1JXC93cC1jb250ZW50XC91cGxvYWRzXC8yMDI0XC8xMVwvcHJhY3RpY2EtcGVjdWFyaWEtcG9ydGFkYS5wbmcifQ%3D%3D\">\n\t\t\t\t\t\t\t<img fetchpriority=\"high\" decoding=\"async\" width=\"640\" height=\"834\" src=\"https:\/\/ceu3.izt.uam.mx\/librosUAMI\/wp-content\/uploads\/2024\/11\/practica-pecuaria-portada-786x1024.png\" class=\"attachment-large size-large wp-image-188\" alt=\"\" srcset=\"https:\/\/ceu3.izt.uam.mx\/librosUAMI\/wp-content\/uploads\/2024\/11\/practica-pecuaria-portada-786x1024.png 786w, https:\/\/ceu3.izt.uam.mx\/librosUAMI\/wp-content\/uploads\/2024\/11\/practica-pecuaria-portada-230x300.png 230w, https:\/\/ceu3.izt.uam.mx\/librosUAMI\/wp-content\/uploads\/2024\/11\/practica-pecuaria-portada-768x1001.png 768w, https:\/\/ceu3.izt.uam.mx\/librosUAMI\/wp-content\/uploads\/2024\/11\/practica-pecuaria-portada.png 1024w\" sizes=\"(max-width: 640px) 100vw, 640px\" \/>\t\t\t\t\t\t\t\t<\/a>\n\t\t\t\t\t\t\t\t\t\t\t\t\t\t\t<\/div>\n\t\t\t\t<\/div>\n\t\t\t\t<div class=\"elementor-element elementor-element-3cdd000 elementor-align-center jltma-glass-effect-no elementor-widget elementor-widget-button\" data-id=\"3cdd000\" data-element_type=\"widget\" data-e-type=\"widget\" data-widget_type=\"button.default\">\n\t\t\t\t<div class=\"elementor-widget-container\">\n\t\t\t\t\t\t\t\t\t<div class=\"elementor-button-wrapper\">\n\t\t\t\t\t<a class=\"elementor-button elementor-button-link elementor-size-sm\" href=\"http:\/\/ceu2.izt.uam.mx\/librosUAMI\/wp-content\/uploads\/2024\/11\/PRACTICA-PECUARIA.pdf\" target=\"_blank\">\n\t\t\t\t\t\t<span class=\"elementor-button-content-wrapper\">\n\t\t\t\t\t\t\t\t\t<span class=\"elementor-button-text\">Descargar PDF<\/span>\n\t\t\t\t\t<\/span>\n\t\t\t\t\t<\/a>\n\t\t\t\t<\/div>\n\t\t\t\t\t\t\t\t<\/div>\n\t\t\t\t<\/div>\n\t\t\t\t<div class=\"elementor-element elementor-element-72aa5bb elementor-align-center jltma-glass-effect-no elementor-widget elementor-widget-button\" data-id=\"72aa5bb\" data-element_type=\"widget\" data-e-type=\"widget\" data-widget_type=\"button.default\">\n\t\t\t\t<div class=\"elementor-widget-container\">\n\t\t\t\t\t\t\t\t\t<div class=\"elementor-button-wrapper\">\n\t\t\t\t\t<a class=\"elementor-button elementor-button-link elementor-size-sm\" href=\"https:\/\/ceu2.izt.uam.mx\/librosUAMI\/index.php\/3d-flip-book\/practica-pecuaria\/\" target=\"_blank\">\n\t\t\t\t\t\t<span class=\"elementor-button-content-wrapper\">\n\t\t\t\t\t\t\t\t\t<span class=\"elementor-button-text\">Ver en flipbook<\/span>\n\t\t\t\t\t<\/span>\n\t\t\t\t\t<\/a>\n\t\t\t\t<\/div>\n\t\t\t\t\t\t\t\t<\/div>\n\t\t\t\t<\/div>\n\t\t\t\t\t<\/div>\n\t\t<\/div>\n\t\t\t\t<div class=\"elementor-column elementor-col-50 elementor-top-column elementor-element elementor-element-569ca23 jltma-glass-effect-no\" data-id=\"569ca23\" data-element_type=\"column\" data-e-type=\"column\">\n\t\t\t<div class=\"elementor-widget-wrap elementor-element-populated\">\n\t\t\t\t\t\t<div class=\"elementor-element elementor-element-bb6b822 jltma-glass-effect-no elementor-widget elementor-widget-text-editor\" data-id=\"bb6b822\" data-element_type=\"widget\" data-e-type=\"widget\" data-widget_type=\"text-editor.default\">\n\t\t\t\t<div class=\"elementor-widget-container\">\n\t\t\t\t\t\t\t\t\t<div class=\"page\" title=\"Page 9\"><p class=\"p1\">El presente \u201cManual de Laboratorio de la UEA Pr\u00e1ctica Pecuaria I\u201d comprende 9 sesiones de laboratorio donde el alumnado adquiere habilidades y destrezas que les servir\u00e1n para su desarrollo profesional. La primera pr\u00e1ctica, \u201cUso de microscopios \u00f3ptico u estereosc\u00f3pico\u201d se incluy\u00f3 para homogeneizar los conocimientos sobre el correcto uso de estos instrumentos y debido a que en las dem\u00e1s pr\u00e1cticas se utilizan. En las siguientes 4 pr\u00e1cticas se revisa la morfofisiolog\u00eda de los principales grupos de vertebrados de inter\u00e9s pecuario, incluyendo los peces \u00f3seos, anfibios y reptiles, aves y mam\u00edferos. En las pr\u00e1cticas 6 y 7 se analiza la morfofisiolog\u00eda de los aparatos digestivo y reproductor de manera comparada entre los distintos vertebrados, con especial \u00e9nfasis en animales de inter\u00e9s productivo. En la pr\u00e1ctica 8 se revisan los procesos reproductivos como parte complementaria de la morfofisiolog\u00eda del aparato reproductor, especialmente gametos masculinos y femeninos de mam\u00edferos. Finalmente, en la \u00faltima pr\u00e1ctica propuesta se recapitula el proceso filogen\u00e9tico de los vertebrados en la ontogenia del desarrollo embrionario del pollo.<\/p><p class=\"p1\">Cada pr\u00e1ctica contiene los siguientes elementos: <strong>\u201cObjetivo\u201d<\/strong> donde se enuncia lo que se espera que el alumnado adquiera despu\u00e9s de realizar cada una. Se enlistan los <strong>\u201cMateriales, Reactivos y Equipos a Utilizar\u201d<\/strong> con la finalidad de facilitar su solicitud al inicio de la pr\u00e1ctica, tanto para el personal que lo prepara, como para el alumnado. Se presenta una <strong>\u201cIntroducci\u00f3n\u201d<\/strong> con la informaci\u00f3n m\u00ednima necesaria para entender los conceptos te\u00f3ricos de cada pr\u00e1ctica. Se resaltan algunas ideas que son preguntadas en el examen que se aplica antes de iniciar cada sesi\u00f3n. En la secci\u00f3n <strong>\u201cProcedimiento Pr\u00e1ctico<\/strong>\u201d se enlistan las indicaciones que se deben seguir para la realizaci\u00f3n de la parte experimental. La pen\u00faltima secci\u00f3n <strong>\u201cInstrucciones para el registro de resultados\u201d<\/strong> se divide en 2 partes, la <strong>\u201cDescripci\u00f3n de lo observado\u201d<\/strong> que permite al alumnado realizar descripciones gr\u00e1ficas de aspectos que se consideran importantes para alcanzar el objetivo de la pr\u00e1ctica y corresponde a la mitad del puntaje del reporte; la otra mitad de la calificaci\u00f3n corresponde al <strong>\u201cCuestionario\u201d<\/strong>, que consta de 5 preguntas y que deben de investigar para resolverlas. Finalmente, en cada pr\u00e1ctica se enlista la <strong>\u201cBibliograf\u00eda\u201d<\/strong> de cada pr\u00e1ctica que es utilizada, as\u00ed como ligas (URL) de material complementario que incluye el acceso al material audiovisual como v\u00eddeos, im\u00e1genes y p\u00e1ginas web de inter\u00e9s, pero que no se incluyen en la Introducci\u00f3n.<\/p><\/div>\t\t\t\t\t\t\t\t<\/div>\n\t\t\t\t<\/div>\n\t\t\t\t\t<\/div>\n\t\t<\/div>\n\t\t\t\t\t<\/div>\n\t\t<\/section>\n\t\t\t\t<\/div>\n\t\t","protected":false},"excerpt":{"rendered":"<p>Pr\u00e1ctica Pecuaria Descargar PDF Ver en flipbook El presente \u201cManual de Laboratorio de la UEA Pr\u00e1ctica Pecuaria I\u201d comprende 9 sesiones de laboratorio donde el alumnado adquiere habilidades y destrezas que les servir\u00e1n para su desarrollo profesional. La primera pr\u00e1ctica, \u201cUso de microscopios \u00f3ptico u estereosc\u00f3pico\u201d se incluy\u00f3 para homogeneizar los conocimientos sobre el correcto [&hellip;]<\/p>\n","protected":false},"author":1,"featured_media":0,"parent":0,"menu_order":0,"comment_status":"closed","ping_status":"closed","template":"elementor_header_footer","meta":{"footnotes":""},"class_list":["post-186","page","type-page","status-publish","hentry"],"_links":{"self":[{"href":"https:\/\/ceu3.izt.uam.mx\/librosUAMI\/index.php\/wp-json\/wp\/v2\/pages\/186","targetHints":{"allow":["GET"]}}],"collection":[{"href":"https:\/\/ceu3.izt.uam.mx\/librosUAMI\/index.php\/wp-json\/wp\/v2\/pages"}],"about":[{"href":"https:\/\/ceu3.izt.uam.mx\/librosUAMI\/index.php\/wp-json\/wp\/v2\/types\/page"}],"author":[{"embeddable":true,"href":"https:\/\/ceu3.izt.uam.mx\/librosUAMI\/index.php\/wp-json\/wp\/v2\/users\/1"}],"replies":[{"embeddable":true,"href":"https:\/\/ceu3.izt.uam.mx\/librosUAMI\/index.php\/wp-json\/wp\/v2\/comments?post=186"}],"version-history":[{"count":13,"href":"https:\/\/ceu3.izt.uam.mx\/librosUAMI\/index.php\/wp-json\/wp\/v2\/pages\/186\/revisions"}],"predecessor-version":[{"id":1184,"href":"https:\/\/ceu3.izt.uam.mx\/librosUAMI\/index.php\/wp-json\/wp\/v2\/pages\/186\/revisions\/1184"}],"wp:attachment":[{"href":"https:\/\/ceu3.izt.uam.mx\/librosUAMI\/index.php\/wp-json\/wp\/v2\/media?parent=186"}],"curies":[{"name":"wp","href":"https:\/\/api.w.org\/{rel}","templated":true}]}}